{"id":423,"date":"2021-09-20T13:23:42","date_gmt":"2021-09-20T11:23:42","guid":{"rendered":"http:\/\/dev.kleine-saechsische-schweiz.de\/?page_id=423"},"modified":"2024-03-02T11:41:54","modified_gmt":"2024-03-02T10:41:54","slug":"schauwerkstatt","status":"publish","type":"page","link":"https:\/\/itanumit.de\/kleine-saechsische-schweiz.de\/schauwerkstatt\/","title":{"rendered":"Schauwerkstatt"},"content":{"rendered":"\t\t<div data-elementor-type=\"wp-page\" data-elementor-id=\"423\" class=\"elementor elementor-423\" data-elementor-post-type=\"page\">\n\t\t\t\t\t\t<section class=\"elementor-section elementor-top-section elementor-element elementor-element-91af77b no-padding elementor-section-boxed elementor-section-height-default elementor-section-height-default\" data-id=\"91af77b\" data-element_type=\"section\">\n\t\t\t\t\t\t<div class=\"elementor-container elementor-column-gap-default\">\n\t\t\t\t\t<div class=\"elementor-column elementor-col-100 elementor-top-column elementor-element elementor-element-3cc28a0\" data-id=\"3cc28a0\" data-element_type=\"column\">\n\t\t\t<div class=\"elementor-widget-wrap elementor-element-populated\">\n\t\t\t\t\t\t<div class=\"elementor-element elementor-element-c47af4d elementor-widget elementor-widget-image\" data-id=\"c47af4d\" data-element_type=\"widget\" data-widget_type=\"image.default\">\n\t\t\t\t<div class=\"elementor-widget-container\">\n\t\t\t<style>\/*! elementor - v3.22.0 - 26-06-2024 *\/\n.elementor-widget-image{text-align:center}.elementor-widget-image a{display:inline-block}.elementor-widget-image a img[src$=\".svg\"]{width:48px}.elementor-widget-image img{vertical-align:middle;display:inline-block}<\/style>\t\t\t\t\t\t\t\t\t\t<img fetchpriority=\"high\" decoding=\"async\" width=\"1540\" height=\"600\" src=\"https:\/\/itanumit.de\/kleine-saechsische-schweiz.de\/wp-content\/uploads\/2021\/09\/kss-schauwerkstatt-1540x600.jpg\" class=\"attachment-Titelbild size-Titelbild wp-image-510\" alt=\"\" \/>\t\t\t\t\t\t\t\t\t\t\t\t\t<\/div>\n\t\t\t\t<\/div>\n\t\t\t\t\t<\/div>\n\t\t<\/div>\n\t\t\t\t\t<\/div>\n\t\t<\/section>\n\t\t\t\t<section class=\"elementor-section elementor-top-section elementor-element elementor-element-537c205 elementor-section-boxed elementor-section-height-default elementor-section-height-default\" data-id=\"537c205\" data-element_type=\"section\">\n\t\t\t\t\t\t<div class=\"elementor-container elementor-column-gap-default\">\n\t\t\t\t\t<div class=\"elementor-column elementor-col-50 elementor-top-column elementor-element elementor-element-73649b8\" data-id=\"73649b8\" data-element_type=\"column\">\n\t\t\t<div class=\"elementor-widget-wrap elementor-element-populated\">\n\t\t\t\t\t\t<div class=\"elementor-element elementor-element-7c4ce47 elementor-widget elementor-widget-heading\" data-id=\"7c4ce47\" data-element_type=\"widget\" data-widget_type=\"heading.default\">\n\t\t\t\t<div class=\"elementor-widget-container\">\n\t\t\t<style>\/*! elementor - v3.22.0 - 26-06-2024 *\/\n.elementor-heading-title{padding:0;margin:0;line-height:1}.elementor-widget-heading .elementor-heading-title[class*=elementor-size-]>a{color:inherit;font-size:inherit;line-height:inherit}.elementor-widget-heading .elementor-heading-title.elementor-size-small{font-size:15px}.elementor-widget-heading .elementor-heading-title.elementor-size-medium{font-size:19px}.elementor-widget-heading .elementor-heading-title.elementor-size-large{font-size:29px}.elementor-widget-heading .elementor-heading-title.elementor-size-xl{font-size:39px}.elementor-widget-heading .elementor-heading-title.elementor-size-xxl{font-size:59px}<\/style><h1 class=\"elementor-heading-title elementor-size-default\">Schauwerkstatt<\/h1>\t\t<\/div>\n\t\t\t\t<\/div>\n\t\t\t\t\t<\/div>\n\t\t<\/div>\n\t\t\t\t<div class=\"elementor-column elementor-col-50 elementor-top-column elementor-element elementor-element-31cc882\" data-id=\"31cc882\" data-element_type=\"column\">\n\t\t\t<div class=\"elementor-widget-wrap elementor-element-populated\">\n\t\t\t\t\t\t<div class=\"elementor-element elementor-element-d35ec33 elementor-widget elementor-widget-text-editor\" data-id=\"d35ec33\" data-element_type=\"widget\" data-widget_type=\"text-editor.default\">\n\t\t\t\t<div class=\"elementor-widget-container\">\n\t\t\t<style>\/*! elementor - v3.22.0 - 26-06-2024 *\/\n.elementor-widget-text-editor.elementor-drop-cap-view-stacked .elementor-drop-cap{background-color:#69727d;color:#fff}.elementor-widget-text-editor.elementor-drop-cap-view-framed .elementor-drop-cap{color:#69727d;border:3px solid;background-color:transparent}.elementor-widget-text-editor:not(.elementor-drop-cap-view-default) .elementor-drop-cap{margin-top:8px}.elementor-widget-text-editor:not(.elementor-drop-cap-view-default) .elementor-drop-cap-letter{width:1em;height:1em}.elementor-widget-text-editor .elementor-drop-cap{float:left;text-align:center;line-height:1;font-size:50px}.elementor-widget-text-editor .elementor-drop-cap-letter{display:inline-block}<\/style>\t\t\t\t<p>In der Schauwerkstatt k\u00f6nnen Sie den Erfindern der Miniaturisierung von Sandstein Michael und Jan Lorenz sowie den Mitarbeitern und Auszubildenden bei der Bearbeitung des Sandsteins und Herstellung von Felsformationen und Bauwerken f\u00fcr den Miniaturpark zuschauen.<\/p>\t\t\t\t\t\t<\/div>\n\t\t\t\t<\/div>\n\t\t\t\t\t<\/div>\n\t\t<\/div>\n\t\t\t\t\t<\/div>\n\t\t<\/section>\n\t\t\t\t<section class=\"elementor-section elementor-top-section elementor-element elementor-element-ce40c8c elementor-section-boxed elementor-section-height-default elementor-section-height-default\" data-id=\"ce40c8c\" data-element_type=\"section\">\n\t\t\t\t\t\t<div class=\"elementor-container elementor-column-gap-default\">\n\t\t\t\t\t<div class=\"elementor-column elementor-col-50 elementor-top-column elementor-element elementor-element-80457d3\" data-id=\"80457d3\" data-element_type=\"column\">\n\t\t\t<div class=\"elementor-widget-wrap elementor-element-populated\">\n\t\t\t\t\t\t<div class=\"elementor-element elementor-element-6fa120c elementor-widget elementor-widget-heading\" data-id=\"6fa120c\" data-element_type=\"widget\" data-widget_type=\"heading.default\">\n\t\t\t\t<div class=\"elementor-widget-container\">\n\t\t\t<h2 class=\"elementor-heading-title elementor-size-default\">Herstellung von Sandsteinminiaturen<\/h2>\t\t<\/div>\n\t\t\t\t<\/div>\n\t\t\t\t\t<\/div>\n\t\t<\/div>\n\t\t\t\t<div class=\"elementor-column elementor-col-50 elementor-top-column elementor-element elementor-element-8abc4b8\" data-id=\"8abc4b8\" data-element_type=\"column\">\n\t\t\t<div class=\"elementor-widget-wrap elementor-element-populated\">\n\t\t\t\t\t\t<div class=\"elementor-element elementor-element-ec7e821 elementor-widget elementor-widget-text-editor\" data-id=\"ec7e821\" data-element_type=\"widget\" data-widget_type=\"text-editor.default\">\n\t\t\t\t<div class=\"elementor-widget-container\">\n\t\t\t\t\t\t\t<p>Die Familie Lorenz gilt als Erfinder der Miniaturisierung von Elbsandstein. Sie haben mittlerweile fast die gesamte S\u00e4chsische Schweiz in Miniatur verewigt.<\/p>\n<p>So werden aus den Sandsteinbl\u00f6cken aus einheimischen Br\u00fcchen in liebevoller Handarbeit die Felsminiaturen geschaffen &#8211; nat\u00fcrlich getreu dem Original.<\/p>\n<p>Dabei k\u00f6nnen Sie den Meistern durch gro\u00dfe Panoramafenster bei der Arbeit zusehen.<\/p>\n<h3>echte Handarbeit<\/h3>\n<p>In geschickter Handarbeit werden alle Details der Basteibr\u00fccke von Fotos und Zeichnungen \u00fcbernommen. Das Original sieht \u00fcbrigens so aus:<\/p>\t\t\t\t\t\t<\/div>\n\t\t\t\t<\/div>\n\t\t\t\t\t<\/div>\n\t\t<\/div>\n\t\t\t\t\t<\/div>\n\t\t<\/section>\n\t\t\t\t<\/div>\n\t\t","protected":false},"excerpt":{"rendered":"<p>Schauwerkstatt In der Schauwerkstatt k\u00f6nnen Sie den Erfindern der Miniaturisierung von Sandstein Michael und Jan Lorenz sowie den Mitarbeitern und Auszubildenden bei der Bearbeitung des Sandsteins und Herstellung von Felsformationen und Bauwerken f\u00fcr den Miniaturpark zuschauen. Herstellung von Sandsteinminiaturen Die Familie Lorenz gilt als Erfinder der Miniaturisierung von Elbsandstein. Sie haben mittlerweile fast die gesamte [&hellip;]<\/p>\n","protected":false},"author":2,"featured_media":0,"parent":0,"menu_order":0,"comment_status":"closed","ping_status":"closed","template":"elementor_header_footer","meta":{"footnotes":""},"class_list":["post-423","page","type-page","status-publish","hentry","entry","owp-thumbs-layout-horizontal","owp-btn-normal","owp-tabs-layout-horizontal","has-no-thumbnails"],"yoast_head":"<!-- This site is optimized with the Yoast SEO plugin v23.0 - https:\/\/yoast.com\/wordpress\/plugins\/seo\/ -->\n<title>Schauwerkstatt - Miniaturpark Kleine S\u00e4chsische Schweiz<\/title>\n<meta name=\"description\" content=\"Entdecken Sie die Schauwerkstatt: Hier entstehen die Sandsteinminiaturen f\u00fcr den Miniaturpark!\" \/>\n<meta name=\"robots\" content=\"index, follow, max-snippet:-1, max-image-preview:large, max-video-preview:-1\" \/>\n<link rel=\"canonical\" href=\"https:\/\/itanumit.de\/kleine-saechsische-schweiz.de\/schauwerkstatt\/\" \/>\n<meta property=\"og:locale\" content=\"de_DE\" \/>\n<meta property=\"og:type\" content=\"article\" \/>\n<meta property=\"og:title\" content=\"Schauwerkstatt - Miniaturpark Kleine S\u00e4chsische Schweiz\" \/>\n<meta property=\"og:description\" content=\"Entdecken Sie die Schauwerkstatt: Hier entstehen die Sandsteinminiaturen f\u00fcr den Miniaturpark!\" \/>\n<meta property=\"og:url\" content=\"https:\/\/itanumit.de\/kleine-saechsische-schweiz.de\/schauwerkstatt\/\" \/>\n<meta property=\"og:site_name\" content=\"Miniaturpark Kleine S\u00e4chsische Schweiz\" \/>\n<meta property=\"article:modified_time\" content=\"2024-03-02T10:41:54+00:00\" \/>\n<meta property=\"og:image\" content=\"http:\/\/dev.kleine-saechsische-schweiz.de\/wp-content\/uploads\/2021\/09\/kss-schauwerkstatt-1540x600.jpg\" \/>\n<meta name=\"twitter:card\" content=\"summary_large_image\" \/>\n<meta name=\"twitter:label1\" content=\"Gesch\u00e4tzte Lesezeit\" \/>\n\t<meta name=\"twitter:data1\" content=\"1\u00a0Minute\" \/>\n<script type=\"application\/ld+json\" class=\"yoast-schema-graph\">{\"@context\":\"https:\/\/schema.org\",\"@graph\":[{\"@type\":\"WebPage\",\"@id\":\"https:\/\/itanumit.de\/kleine-saechsische-schweiz.de\/schauwerkstatt\/\",\"url\":\"https:\/\/itanumit.de\/kleine-saechsische-schweiz.de\/schauwerkstatt\/\",\"name\":\"Schauwerkstatt - Miniaturpark Kleine S\u00e4chsische Schweiz\",\"isPartOf\":{\"@id\":\"https:\/\/itanumit.de\/kleine-saechsische-schweiz.de\/#website\"},\"primaryImageOfPage\":{\"@id\":\"https:\/\/itanumit.de\/kleine-saechsische-schweiz.de\/schauwerkstatt\/#primaryimage\"},\"image\":{\"@id\":\"https:\/\/itanumit.de\/kleine-saechsische-schweiz.de\/schauwerkstatt\/#primaryimage\"},\"thumbnailUrl\":\"http:\/\/dev.kleine-saechsische-schweiz.de\/wp-content\/uploads\/2021\/09\/kss-schauwerkstatt-1540x600.jpg\",\"datePublished\":\"2021-09-20T11:23:42+00:00\",\"dateModified\":\"2024-03-02T10:41:54+00:00\",\"description\":\"Entdecken Sie die Schauwerkstatt: Hier entstehen die Sandsteinminiaturen f\u00fcr den Miniaturpark!\",\"breadcrumb\":{\"@id\":\"https:\/\/itanumit.de\/kleine-saechsische-schweiz.de\/schauwerkstatt\/#breadcrumb\"},\"inLanguage\":\"de\",\"potentialAction\":[{\"@type\":\"ReadAction\",\"target\":[\"https:\/\/itanumit.de\/kleine-saechsische-schweiz.de\/schauwerkstatt\/\"]}]},{\"@type\":\"ImageObject\",\"inLanguage\":\"de\",\"@id\":\"https:\/\/itanumit.de\/kleine-saechsische-schweiz.de\/schauwerkstatt\/#primaryimage\",\"url\":\"http:\/\/dev.kleine-saechsische-schweiz.de\/wp-content\/uploads\/2021\/09\/kss-schauwerkstatt-1540x600.jpg\",\"contentUrl\":\"http:\/\/dev.kleine-saechsische-schweiz.de\/wp-content\/uploads\/2021\/09\/kss-schauwerkstatt-1540x600.jpg\"},{\"@type\":\"BreadcrumbList\",\"@id\":\"https:\/\/itanumit.de\/kleine-saechsische-schweiz.de\/schauwerkstatt\/#breadcrumb\",\"itemListElement\":[{\"@type\":\"ListItem\",\"position\":1,\"name\":\"Startseite\",\"item\":\"https:\/\/itanumit.de\/kleine-saechsische-schweiz.de\/\"},{\"@type\":\"ListItem\",\"position\":2,\"name\":\"Schauwerkstatt\"}]},{\"@type\":\"WebSite\",\"@id\":\"https:\/\/itanumit.de\/kleine-saechsische-schweiz.de\/#website\",\"url\":\"https:\/\/itanumit.de\/kleine-saechsische-schweiz.de\/\",\"name\":\"Miniaturpark Kleine S\u00e4chsische Schweiz\",\"description\":\"\",\"publisher\":{\"@id\":\"https:\/\/itanumit.de\/kleine-saechsische-schweiz.de\/#organization\"},\"potentialAction\":[{\"@type\":\"SearchAction\",\"target\":{\"@type\":\"EntryPoint\",\"urlTemplate\":\"https:\/\/itanumit.de\/kleine-saechsische-schweiz.de\/?s={search_term_string}\"},\"query-input\":\"required name=search_term_string\"}],\"inLanguage\":\"de\"},{\"@type\":\"Organization\",\"@id\":\"https:\/\/itanumit.de\/kleine-saechsische-schweiz.de\/#organization\",\"name\":\"Miniaturpark Kleine S\u00e4chsische Schweiz\",\"url\":\"https:\/\/itanumit.de\/kleine-saechsische-schweiz.de\/\",\"logo\":{\"@type\":\"ImageObject\",\"inLanguage\":\"de\",\"@id\":\"https:\/\/itanumit.de\/kleine-saechsische-schweiz.de\/#\/schema\/logo\/image\/\",\"url\":\"https:\/\/itanumit.de\/kleine-saechsische-schweiz.de\/wp-content\/uploads\/2021\/07\/cropped-miniaturpark-kleine-saechsische-schweiz.png\",\"contentUrl\":\"https:\/\/itanumit.de\/kleine-saechsische-schweiz.de\/wp-content\/uploads\/2021\/07\/cropped-miniaturpark-kleine-saechsische-schweiz.png\",\"width\":508,\"height\":192,\"caption\":\"Miniaturpark Kleine S\u00e4chsische Schweiz\"},\"image\":{\"@id\":\"https:\/\/itanumit.de\/kleine-saechsische-schweiz.de\/#\/schema\/logo\/image\/\"}}]}<\/script>\n<!-- \/ Yoast SEO plugin. -->","yoast_head_json":{"title":"Schauwerkstatt - Miniaturpark Kleine S\u00e4chsische Schweiz","description":"Entdecken Sie die Schauwerkstatt: Hier entstehen die Sandsteinminiaturen f\u00fcr den Miniaturpark!","robots":{"index":"index","follow":"follow","max-snippet":"max-snippet:-1","max-image-preview":"max-image-preview:large","max-video-preview":"max-video-preview:-1"},"canonical":"https:\/\/itanumit.de\/kleine-saechsische-schweiz.de\/schauwerkstatt\/","og_locale":"de_DE","og_type":"article","og_title":"Schauwerkstatt - Miniaturpark Kleine S\u00e4chsische Schweiz","og_description":"Entdecken Sie die Schauwerkstatt: Hier entstehen die Sandsteinminiaturen f\u00fcr den Miniaturpark!","og_url":"https:\/\/itanumit.de\/kleine-saechsische-schweiz.de\/schauwerkstatt\/","og_site_name":"Miniaturpark Kleine S\u00e4chsische Schweiz","article_modified_time":"2024-03-02T10:41:54+00:00","og_image":[{"url":"http:\/\/dev.kleine-saechsische-schweiz.de\/wp-content\/uploads\/2021\/09\/kss-schauwerkstatt-1540x600.jpg"}],"twitter_card":"summary_large_image","twitter_misc":{"Gesch\u00e4tzte Lesezeit":"1\u00a0Minute"},"schema":{"@context":"https:\/\/schema.org","@graph":[{"@type":"WebPage","@id":"https:\/\/itanumit.de\/kleine-saechsische-schweiz.de\/schauwerkstatt\/","url":"https:\/\/itanumit.de\/kleine-saechsische-schweiz.de\/schauwerkstatt\/","name":"Schauwerkstatt - Miniaturpark Kleine S\u00e4chsische Schweiz","isPartOf":{"@id":"https:\/\/itanumit.de\/kleine-saechsische-schweiz.de\/#website"},"primaryImageOfPage":{"@id":"https:\/\/itanumit.de\/kleine-saechsische-schweiz.de\/schauwerkstatt\/#primaryimage"},"image":{"@id":"https:\/\/itanumit.de\/kleine-saechsische-schweiz.de\/schauwerkstatt\/#primaryimage"},"thumbnailUrl":"http:\/\/dev.kleine-saechsische-schweiz.de\/wp-content\/uploads\/2021\/09\/kss-schauwerkstatt-1540x600.jpg","datePublished":"2021-09-20T11:23:42+00:00","dateModified":"2024-03-02T10:41:54+00:00","description":"Entdecken Sie die Schauwerkstatt: Hier entstehen die Sandsteinminiaturen f\u00fcr den Miniaturpark!","breadcrumb":{"@id":"https:\/\/itanumit.de\/kleine-saechsische-schweiz.de\/schauwerkstatt\/#breadcrumb"},"inLanguage":"de","potentialAction":[{"@type":"ReadAction","target":["https:\/\/itanumit.de\/kleine-saechsische-schweiz.de\/schauwerkstatt\/"]}]},{"@type":"ImageObject","inLanguage":"de","@id":"https:\/\/itanumit.de\/kleine-saechsische-schweiz.de\/schauwerkstatt\/#primaryimage","url":"http:\/\/dev.kleine-saechsische-schweiz.de\/wp-content\/uploads\/2021\/09\/kss-schauwerkstatt-1540x600.jpg","contentUrl":"http:\/\/dev.kleine-saechsische-schweiz.de\/wp-content\/uploads\/2021\/09\/kss-schauwerkstatt-1540x600.jpg"},{"@type":"BreadcrumbList","@id":"https:\/\/itanumit.de\/kleine-saechsische-schweiz.de\/schauwerkstatt\/#breadcrumb","itemListElement":[{"@type":"ListItem","position":1,"name":"Startseite","item":"https:\/\/itanumit.de\/kleine-saechsische-schweiz.de\/"},{"@type":"ListItem","position":2,"name":"Schauwerkstatt"}]},{"@type":"WebSite","@id":"https:\/\/itanumit.de\/kleine-saechsische-schweiz.de\/#website","url":"https:\/\/itanumit.de\/kleine-saechsische-schweiz.de\/","name":"Miniaturpark Kleine S\u00e4chsische Schweiz","description":"","publisher":{"@id":"https:\/\/itanumit.de\/kleine-saechsische-schweiz.de\/#organization"},"potentialAction":[{"@type":"SearchAction","target":{"@type":"EntryPoint","urlTemplate":"https:\/\/itanumit.de\/kleine-saechsische-schweiz.de\/?s={search_term_string}"},"query-input":"required name=search_term_string"}],"inLanguage":"de"},{"@type":"Organization","@id":"https:\/\/itanumit.de\/kleine-saechsische-schweiz.de\/#organization","name":"Miniaturpark Kleine S\u00e4chsische Schweiz","url":"https:\/\/itanumit.de\/kleine-saechsische-schweiz.de\/","logo":{"@type":"ImageObject","inLanguage":"de","@id":"https:\/\/itanumit.de\/kleine-saechsische-schweiz.de\/#\/schema\/logo\/image\/","url":"https:\/\/itanumit.de\/kleine-saechsische-schweiz.de\/wp-content\/uploads\/2021\/07\/cropped-miniaturpark-kleine-saechsische-schweiz.png","contentUrl":"https:\/\/itanumit.de\/kleine-saechsische-schweiz.de\/wp-content\/uploads\/2021\/07\/cropped-miniaturpark-kleine-saechsische-schweiz.png","width":508,"height":192,"caption":"Miniaturpark Kleine S\u00e4chsische Schweiz"},"image":{"@id":"https:\/\/itanumit.de\/kleine-saechsische-schweiz.de\/#\/schema\/logo\/image\/"}}]}},"_links":{"self":[{"href":"https:\/\/itanumit.de\/kleine-saechsische-schweiz.de\/wp-json\/wp\/v2\/pages\/423","targetHints":{"allow":["GET"]}}],"collection":[{"href":"https:\/\/itanumit.de\/kleine-saechsische-schweiz.de\/wp-json\/wp\/v2\/pages"}],"about":[{"href":"https:\/\/itanumit.de\/kleine-saechsische-schweiz.de\/wp-json\/wp\/v2\/types\/page"}],"author":[{"embeddable":true,"href":"https:\/\/itanumit.de\/kleine-saechsische-schweiz.de\/wp-json\/wp\/v2\/users\/2"}],"replies":[{"embeddable":true,"href":"https:\/\/itanumit.de\/kleine-saechsische-schweiz.de\/wp-json\/wp\/v2\/comments?post=423"}],"version-history":[{"count":20,"href":"https:\/\/itanumit.de\/kleine-saechsische-schweiz.de\/wp-json\/wp\/v2\/pages\/423\/revisions"}],"predecessor-version":[{"id":3146,"href":"https:\/\/itanumit.de\/kleine-saechsische-schweiz.de\/wp-json\/wp\/v2\/pages\/423\/revisions\/3146"}],"wp:attachment":[{"href":"https:\/\/itanumit.de\/kleine-saechsische-schweiz.de\/wp-json\/wp\/v2\/media?parent=423"}],"curies":[{"name":"wp","href":"https:\/\/api.w.org\/{rel}","templated":true}]}}