{"id":746,"date":"2021-09-23T08:09:34","date_gmt":"2021-09-23T06:09:34","guid":{"rendered":"http:\/\/dev.kleine-saechsische-schweiz.de\/?page_id=746"},"modified":"2024-03-02T11:56:41","modified_gmt":"2024-03-02T10:56:41","slug":"gartenanlage","status":"publish","type":"page","link":"https:\/\/itanumit.de\/kleine-saechsische-schweiz.de\/miniaturpark\/gartenanlage\/","title":{"rendered":"Gartenanlage"},"content":{"rendered":"\t\t<div data-elementor-type=\"wp-page\" data-elementor-id=\"746\" class=\"elementor elementor-746\" data-elementor-post-type=\"page\">\n\t\t\t\t\t\t<section class=\"elementor-section elementor-top-section elementor-element elementor-element-0b410cb no-padding elementor-section-boxed elementor-section-height-default elementor-section-height-default\" data-id=\"0b410cb\" data-element_type=\"section\">\n\t\t\t\t\t\t<div class=\"elementor-container elementor-column-gap-default\">\n\t\t\t\t\t<div class=\"elementor-column elementor-col-100 elementor-top-column elementor-element elementor-element-824b7ec\" data-id=\"824b7ec\" data-element_type=\"column\">\n\t\t\t<div class=\"elementor-widget-wrap elementor-element-populated\">\n\t\t\t\t\t\t<div class=\"elementor-element elementor-element-cbc4a48 elementor-widget elementor-widget-image\" data-id=\"cbc4a48\" data-element_type=\"widget\" data-widget_type=\"image.default\">\n\t\t\t\t<div class=\"elementor-widget-container\">\n\t\t\t<style>\/*! elementor - v3.22.0 - 26-06-2024 *\/\n.elementor-widget-image{text-align:center}.elementor-widget-image a{display:inline-block}.elementor-widget-image a img[src$=\".svg\"]{width:48px}.elementor-widget-image img{vertical-align:middle;display:inline-block}<\/style>\t\t\t\t\t\t\t\t\t\t<img fetchpriority=\"high\" decoding=\"async\" width=\"1540\" height=\"600\" src=\"https:\/\/itanumit.de\/kleine-saechsische-schweiz.de\/wp-content\/uploads\/2021\/09\/Kleine_Saechsische_Schweiz_TVSSW_Sebastian_Thiel-19-1540x600.jpg\" class=\"attachment-Titelbild size-Titelbild wp-image-635\" alt=\"\" \/>\t\t\t\t\t\t\t\t\t\t\t\t\t<\/div>\n\t\t\t\t<\/div>\n\t\t\t\t\t<\/div>\n\t\t<\/div>\n\t\t\t\t\t<\/div>\n\t\t<\/section>\n\t\t\t\t<section class=\"elementor-section elementor-top-section elementor-element elementor-element-bd9d82b elementor-section-boxed elementor-section-height-default elementor-section-height-default\" data-id=\"bd9d82b\" data-element_type=\"section\">\n\t\t\t\t\t\t<div class=\"elementor-container elementor-column-gap-default\">\n\t\t\t\t\t<div class=\"elementor-column elementor-col-50 elementor-top-column elementor-element elementor-element-782f477\" data-id=\"782f477\" data-element_type=\"column\">\n\t\t\t<div class=\"elementor-widget-wrap elementor-element-populated\">\n\t\t\t\t\t\t<div class=\"elementor-element elementor-element-ff2f597 elementor-widget elementor-widget-heading\" data-id=\"ff2f597\" data-element_type=\"widget\" data-widget_type=\"heading.default\">\n\t\t\t\t<div class=\"elementor-widget-container\">\n\t\t\t<style>\/*! elementor - v3.22.0 - 26-06-2024 *\/\n.elementor-heading-title{padding:0;margin:0;line-height:1}.elementor-widget-heading .elementor-heading-title[class*=elementor-size-]>a{color:inherit;font-size:inherit;line-height:inherit}.elementor-widget-heading .elementor-heading-title.elementor-size-small{font-size:15px}.elementor-widget-heading .elementor-heading-title.elementor-size-medium{font-size:19px}.elementor-widget-heading .elementor-heading-title.elementor-size-large{font-size:29px}.elementor-widget-heading .elementor-heading-title.elementor-size-xl{font-size:39px}.elementor-widget-heading .elementor-heading-title.elementor-size-xxl{font-size:59px}<\/style><h1 class=\"elementor-heading-title elementor-size-default\">Der Park als Pflanzengarten<\/h1>\t\t<\/div>\n\t\t\t\t<\/div>\n\t\t\t\t\t<\/div>\n\t\t<\/div>\n\t\t\t\t<div class=\"elementor-column elementor-col-50 elementor-top-column elementor-element elementor-element-3e5a65f\" data-id=\"3e5a65f\" data-element_type=\"column\">\n\t\t\t<div class=\"elementor-widget-wrap elementor-element-populated\">\n\t\t\t\t\t\t<div class=\"elementor-element elementor-element-4cbe6d1 elementor-widget elementor-widget-text-editor\" data-id=\"4cbe6d1\" data-element_type=\"widget\" data-widget_type=\"text-editor.default\">\n\t\t\t\t<div class=\"elementor-widget-container\">\n\t\t\t<style>\/*! elementor - v3.22.0 - 26-06-2024 *\/\n.elementor-widget-text-editor.elementor-drop-cap-view-stacked .elementor-drop-cap{background-color:#69727d;color:#fff}.elementor-widget-text-editor.elementor-drop-cap-view-framed .elementor-drop-cap{color:#69727d;border:3px solid;background-color:transparent}.elementor-widget-text-editor:not(.elementor-drop-cap-view-default) .elementor-drop-cap{margin-top:8px}.elementor-widget-text-editor:not(.elementor-drop-cap-view-default) .elementor-drop-cap-letter{width:1em;height:1em}.elementor-widget-text-editor .elementor-drop-cap{float:left;text-align:center;line-height:1;font-size:50px}.elementor-widget-text-editor .elementor-drop-cap-letter{display:inline-block}<\/style>\t\t\t\t<p>Eine Augenweite der besonderen Art stellt die anspruchsvolle g\u00e4rtnerische Gestaltung der Parkanlage dar. Harmonisch an die Sandsteinminiaturen, Elbeverlauf und Landschaftsformation angepasst, bilden die Steingartenpflanzen und Bonsaiw\u00e4ldchen in ihrer Gesamtheit eine nat\u00fcrliche Miniaturlandschaft und pr\u00e4gen die au\u00dfergew\u00f6hnliche Besonderheit unseres Miniaturparks als \u201eLandschaftsgarten\u201c ma\u00dfgeblich mit. Ruheb\u00e4nke und Aussichtpunkte laden zus\u00e4tzlich zum Verweilen und Genie\u00dfen ein.<\/p>\t\t\t\t\t\t<\/div>\n\t\t\t\t<\/div>\n\t\t\t\t\t<\/div>\n\t\t<\/div>\n\t\t\t\t\t<\/div>\n\t\t<\/section>\n\t\t\t\t<section class=\"elementor-section elementor-top-section elementor-element elementor-element-06c2656 no-padding elementor-section-boxed elementor-section-height-default elementor-section-height-default\" data-id=\"06c2656\" data-element_type=\"section\">\n\t\t\t\t\t\t<div class=\"elementor-container elementor-column-gap-default\">\n\t\t\t\t\t<div class=\"elementor-column elementor-col-100 elementor-top-column elementor-element elementor-element-88914b8\" data-id=\"88914b8\" data-element_type=\"column\">\n\t\t\t<div class=\"elementor-widget-wrap elementor-element-populated\">\n\t\t\t\t\t\t<div class=\"elementor-element elementor-element-505fd7b elementor-arrows-position-inside elementor-pagination-position-outside elementor-widget elementor-widget-image-carousel\" data-id=\"505fd7b\" data-element_type=\"widget\" data-settings=\"{&quot;navigation&quot;:&quot;both&quot;,&quot;autoplay&quot;:&quot;yes&quot;,&quot;pause_on_hover&quot;:&quot;yes&quot;,&quot;pause_on_interaction&quot;:&quot;yes&quot;,&quot;autoplay_speed&quot;:5000,&quot;infinite&quot;:&quot;yes&quot;,&quot;speed&quot;:500}\" data-widget_type=\"image-carousel.default\">\n\t\t\t\t<div class=\"elementor-widget-container\">\n\t\t\t<style>\/*! elementor - v3.22.0 - 26-06-2024 *\/\n.elementor-widget-image-carousel .swiper,.elementor-widget-image-carousel .swiper-container{position:static}.elementor-widget-image-carousel .swiper-container .swiper-slide figure,.elementor-widget-image-carousel .swiper .swiper-slide figure{line-height:inherit}.elementor-widget-image-carousel .swiper-slide{text-align:center}.elementor-image-carousel-wrapper:not(.swiper-container-initialized):not(.swiper-initialized) .swiper-slide{max-width:calc(100% \/ var(--e-image-carousel-slides-to-show, 3))}<\/style>\t\t<div class=\"elementor-image-carousel-wrapper swiper\" dir=\"ltr\">\n\t\t\t<div class=\"elementor-image-carousel swiper-wrapper\" aria-live=\"off\">\n\t\t\t\t\t\t\t\t<div class=\"swiper-slide\" role=\"group\" aria-roledescription=\"slide\" aria-label=\"1 von 5\"><a data-elementor-open-lightbox=\"yes\" data-elementor-lightbox-slideshow=\"505fd7b\" data-elementor-lightbox-title=\"_DSC9663_10\" data-e-action-hash=\"#elementor-action%3Aaction%3Dlightbox%26settings%3DeyJpZCI6ODEyLCJ1cmwiOiJodHRwczpcL1wvaXRhbnVtaXQuZGVcL2tsZWluZS1zYWVjaHNpc2NoZS1zY2h3ZWl6LmRlXC93cC1jb250ZW50XC91cGxvYWRzXC8yMDIxXC8wOVwvRFNDOTY2M18xMC5qcGciLCJzbGlkZXNob3ciOiI1MDVmZDdiIn0%3D\" href=\"https:\/\/itanumit.de\/kleine-saechsische-schweiz.de\/wp-content\/uploads\/2021\/09\/DSC9663_10.jpg\"><figure class=\"swiper-slide-inner\"><img decoding=\"async\" class=\"swiper-slide-image\" src=\"https:\/\/itanumit.de\/kleine-saechsische-schweiz.de\/wp-content\/uploads\/2021\/09\/DSC9663_10-520x300.jpg\" alt=\"_DSC9663_10\" \/><\/figure><\/a><\/div><div class=\"swiper-slide\" role=\"group\" aria-roledescription=\"slide\" aria-label=\"2 von 5\"><a data-elementor-open-lightbox=\"yes\" data-elementor-lightbox-slideshow=\"505fd7b\" data-elementor-lightbox-title=\"_DSC9690_05\" data-e-action-hash=\"#elementor-action%3Aaction%3Dlightbox%26settings%3DeyJpZCI6ODEzLCJ1cmwiOiJodHRwczpcL1wvaXRhbnVtaXQuZGVcL2tsZWluZS1zYWVjaHNpc2NoZS1zY2h3ZWl6LmRlXC93cC1jb250ZW50XC91cGxvYWRzXC8yMDIxXC8wOVwvRFNDOTY5MF8wNS5qcGciLCJzbGlkZXNob3ciOiI1MDVmZDdiIn0%3D\" href=\"https:\/\/itanumit.de\/kleine-saechsische-schweiz.de\/wp-content\/uploads\/2021\/09\/DSC9690_05.jpg\"><figure class=\"swiper-slide-inner\"><img decoding=\"async\" class=\"swiper-slide-image\" src=\"https:\/\/itanumit.de\/kleine-saechsische-schweiz.de\/wp-content\/uploads\/2021\/09\/DSC9690_05-520x300.jpg\" alt=\"_DSC9690_05\" \/><\/figure><\/a><\/div><div class=\"swiper-slide\" role=\"group\" aria-roledescription=\"slide\" aria-label=\"3 von 5\"><a data-elementor-open-lightbox=\"yes\" data-elementor-lightbox-slideshow=\"505fd7b\" data-elementor-lightbox-title=\"_DSC9718\" data-e-action-hash=\"#elementor-action%3Aaction%3Dlightbox%26settings%3DeyJpZCI6ODE0LCJ1cmwiOiJodHRwczpcL1wvaXRhbnVtaXQuZGVcL2tsZWluZS1zYWVjaHNpc2NoZS1zY2h3ZWl6LmRlXC93cC1jb250ZW50XC91cGxvYWRzXC8yMDIxXC8wOVwvRFNDOTcxOC5qcGciLCJzbGlkZXNob3ciOiI1MDVmZDdiIn0%3D\" href=\"https:\/\/itanumit.de\/kleine-saechsische-schweiz.de\/wp-content\/uploads\/2021\/09\/DSC9718.jpg\"><figure class=\"swiper-slide-inner\"><img decoding=\"async\" class=\"swiper-slide-image\" src=\"https:\/\/itanumit.de\/kleine-saechsische-schweiz.de\/wp-content\/uploads\/2021\/09\/DSC9718-520x300.jpg\" alt=\"_DSC9718\" \/><\/figure><\/a><\/div><div class=\"swiper-slide\" role=\"group\" aria-roledescription=\"slide\" aria-label=\"4 von 5\"><a data-elementor-open-lightbox=\"yes\" data-elementor-lightbox-slideshow=\"505fd7b\" data-elementor-lightbox-title=\"_DSC9724_05\" data-e-action-hash=\"#elementor-action%3Aaction%3Dlightbox%26settings%3DeyJpZCI6ODE1LCJ1cmwiOiJodHRwczpcL1wvaXRhbnVtaXQuZGVcL2tsZWluZS1zYWVjaHNpc2NoZS1zY2h3ZWl6LmRlXC93cC1jb250ZW50XC91cGxvYWRzXC8yMDIxXC8wOVwvRFNDOTcyNF8wNS5qcGciLCJzbGlkZXNob3ciOiI1MDVmZDdiIn0%3D\" href=\"https:\/\/itanumit.de\/kleine-saechsische-schweiz.de\/wp-content\/uploads\/2021\/09\/DSC9724_05.jpg\"><figure class=\"swiper-slide-inner\"><img decoding=\"async\" class=\"swiper-slide-image\" src=\"https:\/\/itanumit.de\/kleine-saechsische-schweiz.de\/wp-content\/uploads\/2021\/09\/DSC9724_05-520x300.jpg\" alt=\"_DSC9724_05\" \/><\/figure><\/a><\/div><div class=\"swiper-slide\" role=\"group\" aria-roledescription=\"slide\" aria-label=\"5 von 5\"><a data-elementor-open-lightbox=\"yes\" data-elementor-lightbox-slideshow=\"505fd7b\" data-elementor-lightbox-title=\"_DSC9740\" data-e-action-hash=\"#elementor-action%3Aaction%3Dlightbox%26settings%3DeyJpZCI6ODE2LCJ1cmwiOiJodHRwczpcL1wvaXRhbnVtaXQuZGVcL2tsZWluZS1zYWVjaHNpc2NoZS1zY2h3ZWl6LmRlXC93cC1jb250ZW50XC91cGxvYWRzXC8yMDIxXC8wOVwvRFNDOTc0MC5qcGciLCJzbGlkZXNob3ciOiI1MDVmZDdiIn0%3D\" href=\"https:\/\/itanumit.de\/kleine-saechsische-schweiz.de\/wp-content\/uploads\/2021\/09\/DSC9740.jpg\"><figure class=\"swiper-slide-inner\"><img decoding=\"async\" class=\"swiper-slide-image\" src=\"https:\/\/itanumit.de\/kleine-saechsische-schweiz.de\/wp-content\/uploads\/2021\/09\/DSC9740-520x300.jpg\" alt=\"_DSC9740\" \/><\/figure><\/a><\/div>\t\t\t<\/div>\n\t\t\t\t\t\t\t\t\t\t\t\t<div class=\"elementor-swiper-button elementor-swiper-button-prev\" role=\"button\" tabindex=\"0\">\n\t\t\t\t\t\t<i aria-hidden=\"true\" class=\"eicon-chevron-left\"><\/i>\t\t\t\t\t<\/div>\n\t\t\t\t\t<div class=\"elementor-swiper-button elementor-swiper-button-next\" role=\"button\" tabindex=\"0\">\n\t\t\t\t\t\t<i aria-hidden=\"true\" class=\"eicon-chevron-right\"><\/i>\t\t\t\t\t<\/div>\n\t\t\t\t\n\t\t\t\t\t\t\t\t\t<div class=\"swiper-pagination\"><\/div>\n\t\t\t\t\t\t\t\t\t<\/div>\n\t\t\t\t<\/div>\n\t\t\t\t<\/div>\n\t\t\t\t\t<\/div>\n\t\t<\/div>\n\t\t\t\t\t<\/div>\n\t\t<\/section>\n\t\t\t\t<\/div>\n\t\t","protected":false},"excerpt":{"rendered":"<p>Der Park als Pflanzengarten Eine Augenweite der besonderen Art stellt die anspruchsvolle g\u00e4rtnerische Gestaltung der Parkanlage dar. Harmonisch an die Sandsteinminiaturen, Elbeverlauf und Landschaftsformation angepasst, bilden die Steingartenpflanzen und Bonsaiw\u00e4ldchen in ihrer Gesamtheit eine nat\u00fcrliche Miniaturlandschaft und pr\u00e4gen die au\u00dfergew\u00f6hnliche Besonderheit unseres Miniaturparks als \u201eLandschaftsgarten\u201c ma\u00dfgeblich mit. Ruheb\u00e4nke und Aussichtpunkte laden zus\u00e4tzlich zum Verweilen und [&hellip;]<\/p>\n","protected":false},"author":2,"featured_media":635,"parent":413,"menu_order":0,"comment_status":"closed","ping_status":"closed","template":"elementor_header_footer","meta":{"footnotes":""},"class_list":["post-746","page","type-page","status-publish","has-post-thumbnail","hentry","entry","has-media","owp-thumbs-layout-horizontal","owp-btn-normal","owp-tabs-layout-horizontal","has-no-thumbnails"],"yoast_head":"<!-- This site is optimized with the Yoast SEO plugin v23.0 - https:\/\/yoast.com\/wordpress\/plugins\/seo\/ -->\n<title>Gartenanlage - Miniaturpark Kleine S\u00e4chsische Schweiz<\/title>\n<meta name=\"description\" content=\"Tauchen Sie ein in eine nat\u00fcrliche Miniaturlandschaft mit liebevoll gepflegten Steingartenpflanzen und Bonsaiw\u00e4ldchen.\" \/>\n<meta name=\"robots\" content=\"index, follow, max-snippet:-1, max-image-preview:large, max-video-preview:-1\" \/>\n<link rel=\"canonical\" href=\"https:\/\/itanumit.de\/kleine-saechsische-schweiz.de\/miniaturpark\/gartenanlage\/\" \/>\n<meta property=\"og:locale\" content=\"de_DE\" \/>\n<meta property=\"og:type\" content=\"article\" \/>\n<meta property=\"og:title\" content=\"Gartenanlage - Miniaturpark Kleine S\u00e4chsische Schweiz\" \/>\n<meta property=\"og:description\" content=\"Tauchen Sie ein in eine nat\u00fcrliche Miniaturlandschaft mit liebevoll gepflegten Steingartenpflanzen und Bonsaiw\u00e4ldchen.\" \/>\n<meta property=\"og:url\" content=\"https:\/\/itanumit.de\/kleine-saechsische-schweiz.de\/miniaturpark\/gartenanlage\/\" \/>\n<meta property=\"og:site_name\" content=\"Miniaturpark Kleine S\u00e4chsische Schweiz\" \/>\n<meta property=\"article:modified_time\" content=\"2024-03-02T10:56:41+00:00\" \/>\n<meta property=\"og:image\" content=\"https:\/\/itanumit.de\/kleine-saechsische-schweiz.de\/wp-content\/uploads\/2021\/09\/Kleine_Saechsische_Schweiz_TVSSW_Sebastian_Thiel-19.jpg\" \/>\n\t<meta property=\"og:image:width\" content=\"1920\" \/>\n\t<meta property=\"og:image:height\" content=\"1281\" \/>\n\t<meta property=\"og:image:type\" content=\"image\/jpeg\" \/>\n<meta name=\"twitter:card\" content=\"summary_large_image\" \/>\n<meta name=\"twitter:label1\" content=\"Gesch\u00e4tzte Lesezeit\" \/>\n\t<meta name=\"twitter:data1\" content=\"2\u00a0Minuten\" \/>\n<script type=\"application\/ld+json\" class=\"yoast-schema-graph\">{\"@context\":\"https:\/\/schema.org\",\"@graph\":[{\"@type\":\"WebPage\",\"@id\":\"https:\/\/itanumit.de\/kleine-saechsische-schweiz.de\/miniaturpark\/gartenanlage\/\",\"url\":\"https:\/\/itanumit.de\/kleine-saechsische-schweiz.de\/miniaturpark\/gartenanlage\/\",\"name\":\"Gartenanlage - Miniaturpark Kleine S\u00e4chsische Schweiz\",\"isPartOf\":{\"@id\":\"https:\/\/itanumit.de\/kleine-saechsische-schweiz.de\/#website\"},\"primaryImageOfPage\":{\"@id\":\"https:\/\/itanumit.de\/kleine-saechsische-schweiz.de\/miniaturpark\/gartenanlage\/#primaryimage\"},\"image\":{\"@id\":\"https:\/\/itanumit.de\/kleine-saechsische-schweiz.de\/miniaturpark\/gartenanlage\/#primaryimage\"},\"thumbnailUrl\":\"https:\/\/itanumit.de\/kleine-saechsische-schweiz.de\/wp-content\/uploads\/2021\/09\/Kleine_Saechsische_Schweiz_TVSSW_Sebastian_Thiel-19.jpg\",\"datePublished\":\"2021-09-23T06:09:34+00:00\",\"dateModified\":\"2024-03-02T10:56:41+00:00\",\"description\":\"Tauchen Sie ein in eine nat\u00fcrliche Miniaturlandschaft mit liebevoll gepflegten Steingartenpflanzen und Bonsaiw\u00e4ldchen.\",\"breadcrumb\":{\"@id\":\"https:\/\/itanumit.de\/kleine-saechsische-schweiz.de\/miniaturpark\/gartenanlage\/#breadcrumb\"},\"inLanguage\":\"de\",\"potentialAction\":[{\"@type\":\"ReadAction\",\"target\":[\"https:\/\/itanumit.de\/kleine-saechsische-schweiz.de\/miniaturpark\/gartenanlage\/\"]}]},{\"@type\":\"ImageObject\",\"inLanguage\":\"de\",\"@id\":\"https:\/\/itanumit.de\/kleine-saechsische-schweiz.de\/miniaturpark\/gartenanlage\/#primaryimage\",\"url\":\"https:\/\/itanumit.de\/kleine-saechsische-schweiz.de\/wp-content\/uploads\/2021\/09\/Kleine_Saechsische_Schweiz_TVSSW_Sebastian_Thiel-19.jpg\",\"contentUrl\":\"https:\/\/itanumit.de\/kleine-saechsische-schweiz.de\/wp-content\/uploads\/2021\/09\/Kleine_Saechsische_Schweiz_TVSSW_Sebastian_Thiel-19.jpg\",\"width\":1920,\"height\":1281},{\"@type\":\"BreadcrumbList\",\"@id\":\"https:\/\/itanumit.de\/kleine-saechsische-schweiz.de\/miniaturpark\/gartenanlage\/#breadcrumb\",\"itemListElement\":[{\"@type\":\"ListItem\",\"position\":1,\"name\":\"Startseite\",\"item\":\"https:\/\/itanumit.de\/kleine-saechsische-schweiz.de\/\"},{\"@type\":\"ListItem\",\"position\":2,\"name\":\"Miniaturpark\",\"item\":\"https:\/\/itanumit.de\/kleine-saechsische-schweiz.de\/miniaturpark\/\"},{\"@type\":\"ListItem\",\"position\":3,\"name\":\"Gartenanlage\"}]},{\"@type\":\"WebSite\",\"@id\":\"https:\/\/itanumit.de\/kleine-saechsische-schweiz.de\/#website\",\"url\":\"https:\/\/itanumit.de\/kleine-saechsische-schweiz.de\/\",\"name\":\"Miniaturpark Kleine S\u00e4chsische Schweiz\",\"description\":\"\",\"publisher\":{\"@id\":\"https:\/\/itanumit.de\/kleine-saechsische-schweiz.de\/#organization\"},\"potentialAction\":[{\"@type\":\"SearchAction\",\"target\":{\"@type\":\"EntryPoint\",\"urlTemplate\":\"https:\/\/itanumit.de\/kleine-saechsische-schweiz.de\/?s={search_term_string}\"},\"query-input\":\"required name=search_term_string\"}],\"inLanguage\":\"de\"},{\"@type\":\"Organization\",\"@id\":\"https:\/\/itanumit.de\/kleine-saechsische-schweiz.de\/#organization\",\"name\":\"Miniaturpark Kleine S\u00e4chsische Schweiz\",\"url\":\"https:\/\/itanumit.de\/kleine-saechsische-schweiz.de\/\",\"logo\":{\"@type\":\"ImageObject\",\"inLanguage\":\"de\",\"@id\":\"https:\/\/itanumit.de\/kleine-saechsische-schweiz.de\/#\/schema\/logo\/image\/\",\"url\":\"https:\/\/itanumit.de\/kleine-saechsische-schweiz.de\/wp-content\/uploads\/2021\/07\/cropped-miniaturpark-kleine-saechsische-schweiz.png\",\"contentUrl\":\"https:\/\/itanumit.de\/kleine-saechsische-schweiz.de\/wp-content\/uploads\/2021\/07\/cropped-miniaturpark-kleine-saechsische-schweiz.png\",\"width\":508,\"height\":192,\"caption\":\"Miniaturpark Kleine S\u00e4chsische Schweiz\"},\"image\":{\"@id\":\"https:\/\/itanumit.de\/kleine-saechsische-schweiz.de\/#\/schema\/logo\/image\/\"}}]}<\/script>\n<!-- \/ Yoast SEO plugin. -->","yoast_head_json":{"title":"Gartenanlage - Miniaturpark Kleine S\u00e4chsische Schweiz","description":"Tauchen Sie ein in eine nat\u00fcrliche Miniaturlandschaft mit liebevoll gepflegten Steingartenpflanzen und Bonsaiw\u00e4ldchen.","robots":{"index":"index","follow":"follow","max-snippet":"max-snippet:-1","max-image-preview":"max-image-preview:large","max-video-preview":"max-video-preview:-1"},"canonical":"https:\/\/itanumit.de\/kleine-saechsische-schweiz.de\/miniaturpark\/gartenanlage\/","og_locale":"de_DE","og_type":"article","og_title":"Gartenanlage - Miniaturpark Kleine S\u00e4chsische Schweiz","og_description":"Tauchen Sie ein in eine nat\u00fcrliche Miniaturlandschaft mit liebevoll gepflegten Steingartenpflanzen und Bonsaiw\u00e4ldchen.","og_url":"https:\/\/itanumit.de\/kleine-saechsische-schweiz.de\/miniaturpark\/gartenanlage\/","og_site_name":"Miniaturpark Kleine S\u00e4chsische Schweiz","article_modified_time":"2024-03-02T10:56:41+00:00","og_image":[{"width":1920,"height":1281,"url":"https:\/\/itanumit.de\/kleine-saechsische-schweiz.de\/wp-content\/uploads\/2021\/09\/Kleine_Saechsische_Schweiz_TVSSW_Sebastian_Thiel-19.jpg","type":"image\/jpeg"}],"twitter_card":"summary_large_image","twitter_misc":{"Gesch\u00e4tzte Lesezeit":"2\u00a0Minuten"},"schema":{"@context":"https:\/\/schema.org","@graph":[{"@type":"WebPage","@id":"https:\/\/itanumit.de\/kleine-saechsische-schweiz.de\/miniaturpark\/gartenanlage\/","url":"https:\/\/itanumit.de\/kleine-saechsische-schweiz.de\/miniaturpark\/gartenanlage\/","name":"Gartenanlage - Miniaturpark Kleine S\u00e4chsische Schweiz","isPartOf":{"@id":"https:\/\/itanumit.de\/kleine-saechsische-schweiz.de\/#website"},"primaryImageOfPage":{"@id":"https:\/\/itanumit.de\/kleine-saechsische-schweiz.de\/miniaturpark\/gartenanlage\/#primaryimage"},"image":{"@id":"https:\/\/itanumit.de\/kleine-saechsische-schweiz.de\/miniaturpark\/gartenanlage\/#primaryimage"},"thumbnailUrl":"https:\/\/itanumit.de\/kleine-saechsische-schweiz.de\/wp-content\/uploads\/2021\/09\/Kleine_Saechsische_Schweiz_TVSSW_Sebastian_Thiel-19.jpg","datePublished":"2021-09-23T06:09:34+00:00","dateModified":"2024-03-02T10:56:41+00:00","description":"Tauchen Sie ein in eine nat\u00fcrliche Miniaturlandschaft mit liebevoll gepflegten Steingartenpflanzen und Bonsaiw\u00e4ldchen.","breadcrumb":{"@id":"https:\/\/itanumit.de\/kleine-saechsische-schweiz.de\/miniaturpark\/gartenanlage\/#breadcrumb"},"inLanguage":"de","potentialAction":[{"@type":"ReadAction","target":["https:\/\/itanumit.de\/kleine-saechsische-schweiz.de\/miniaturpark\/gartenanlage\/"]}]},{"@type":"ImageObject","inLanguage":"de","@id":"https:\/\/itanumit.de\/kleine-saechsische-schweiz.de\/miniaturpark\/gartenanlage\/#primaryimage","url":"https:\/\/itanumit.de\/kleine-saechsische-schweiz.de\/wp-content\/uploads\/2021\/09\/Kleine_Saechsische_Schweiz_TVSSW_Sebastian_Thiel-19.jpg","contentUrl":"https:\/\/itanumit.de\/kleine-saechsische-schweiz.de\/wp-content\/uploads\/2021\/09\/Kleine_Saechsische_Schweiz_TVSSW_Sebastian_Thiel-19.jpg","width":1920,"height":1281},{"@type":"BreadcrumbList","@id":"https:\/\/itanumit.de\/kleine-saechsische-schweiz.de\/miniaturpark\/gartenanlage\/#breadcrumb","itemListElement":[{"@type":"ListItem","position":1,"name":"Startseite","item":"https:\/\/itanumit.de\/kleine-saechsische-schweiz.de\/"},{"@type":"ListItem","position":2,"name":"Miniaturpark","item":"https:\/\/itanumit.de\/kleine-saechsische-schweiz.de\/miniaturpark\/"},{"@type":"ListItem","position":3,"name":"Gartenanlage"}]},{"@type":"WebSite","@id":"https:\/\/itanumit.de\/kleine-saechsische-schweiz.de\/#website","url":"https:\/\/itanumit.de\/kleine-saechsische-schweiz.de\/","name":"Miniaturpark Kleine S\u00e4chsische Schweiz","description":"","publisher":{"@id":"https:\/\/itanumit.de\/kleine-saechsische-schweiz.de\/#organization"},"potentialAction":[{"@type":"SearchAction","target":{"@type":"EntryPoint","urlTemplate":"https:\/\/itanumit.de\/kleine-saechsische-schweiz.de\/?s={search_term_string}"},"query-input":"required name=search_term_string"}],"inLanguage":"de"},{"@type":"Organization","@id":"https:\/\/itanumit.de\/kleine-saechsische-schweiz.de\/#organization","name":"Miniaturpark Kleine S\u00e4chsische Schweiz","url":"https:\/\/itanumit.de\/kleine-saechsische-schweiz.de\/","logo":{"@type":"ImageObject","inLanguage":"de","@id":"https:\/\/itanumit.de\/kleine-saechsische-schweiz.de\/#\/schema\/logo\/image\/","url":"https:\/\/itanumit.de\/kleine-saechsische-schweiz.de\/wp-content\/uploads\/2021\/07\/cropped-miniaturpark-kleine-saechsische-schweiz.png","contentUrl":"https:\/\/itanumit.de\/kleine-saechsische-schweiz.de\/wp-content\/uploads\/2021\/07\/cropped-miniaturpark-kleine-saechsische-schweiz.png","width":508,"height":192,"caption":"Miniaturpark Kleine S\u00e4chsische Schweiz"},"image":{"@id":"https:\/\/itanumit.de\/kleine-saechsische-schweiz.de\/#\/schema\/logo\/image\/"}}]}},"_links":{"self":[{"href":"https:\/\/itanumit.de\/kleine-saechsische-schweiz.de\/wp-json\/wp\/v2\/pages\/746","targetHints":{"allow":["GET"]}}],"collection":[{"href":"https:\/\/itanumit.de\/kleine-saechsische-schweiz.de\/wp-json\/wp\/v2\/pages"}],"about":[{"href":"https:\/\/itanumit.de\/kleine-saechsische-schweiz.de\/wp-json\/wp\/v2\/types\/page"}],"author":[{"embeddable":true,"href":"https:\/\/itanumit.de\/kleine-saechsische-schweiz.de\/wp-json\/wp\/v2\/users\/2"}],"replies":[{"embeddable":true,"href":"https:\/\/itanumit.de\/kleine-saechsische-schweiz.de\/wp-json\/wp\/v2\/comments?post=746"}],"version-history":[{"count":8,"href":"https:\/\/itanumit.de\/kleine-saechsische-schweiz.de\/wp-json\/wp\/v2\/pages\/746\/revisions"}],"predecessor-version":[{"id":4081,"href":"https:\/\/itanumit.de\/kleine-saechsische-schweiz.de\/wp-json\/wp\/v2\/pages\/746\/revisions\/4081"}],"up":[{"embeddable":true,"href":"https:\/\/itanumit.de\/kleine-saechsische-schweiz.de\/wp-json\/wp\/v2\/pages\/413"}],"wp:featuredmedia":[{"embeddable":true,"href":"https:\/\/itanumit.de\/kleine-saechsische-schweiz.de\/wp-json\/wp\/v2\/media\/635"}],"wp:attachment":[{"href":"https:\/\/itanumit.de\/kleine-saechsische-schweiz.de\/wp-json\/wp\/v2\/media?parent=746"}],"curies":[{"name":"wp","href":"https:\/\/api.w.org\/{rel}","templated":true}]}}