{"id":766,"date":"2021-09-23T08:18:55","date_gmt":"2021-09-23T06:18:55","guid":{"rendered":"http:\/\/dev.kleine-saechsische-schweiz.de\/?page_id=766"},"modified":"2024-03-02T11:53:43","modified_gmt":"2024-03-02T10:53:43","slug":"ferienwohnungen","status":"publish","type":"page","link":"https:\/\/itanumit.de\/kleine-saechsische-schweiz.de\/miniaturpark\/ferienwohnungen\/","title":{"rendered":"Ferienwohnungen"},"content":{"rendered":"\t\t<div data-elementor-type=\"wp-page\" data-elementor-id=\"766\" class=\"elementor elementor-766\" data-elementor-post-type=\"page\">\n\t\t\t\t\t\t<section class=\"elementor-section elementor-top-section elementor-element elementor-element-61a3fdfd no-padding elementor-section-boxed elementor-section-height-default elementor-section-height-default\" data-id=\"61a3fdfd\" data-element_type=\"section\">\n\t\t\t\t\t\t<div class=\"elementor-container elementor-column-gap-default\">\n\t\t\t\t\t<div class=\"elementor-column elementor-col-100 elementor-top-column elementor-element elementor-element-7914e403\" data-id=\"7914e403\" data-element_type=\"column\">\n\t\t\t<div class=\"elementor-widget-wrap elementor-element-populated\">\n\t\t\t\t\t\t<div class=\"elementor-element elementor-element-1e9ab63a elementor-widget elementor-widget-image\" data-id=\"1e9ab63a\" data-element_type=\"widget\" data-widget_type=\"image.default\">\n\t\t\t\t<div class=\"elementor-widget-container\">\n\t\t\t<style>\/*! elementor - v3.22.0 - 26-06-2024 *\/\n.elementor-widget-image{text-align:center}.elementor-widget-image a{display:inline-block}.elementor-widget-image a img[src$=\".svg\"]{width:48px}.elementor-widget-image img{vertical-align:middle;display:inline-block}<\/style>\t\t\t\t\t\t\t\t\t\t<img fetchpriority=\"high\" decoding=\"async\" width=\"1540\" height=\"600\" src=\"https:\/\/itanumit.de\/kleine-saechsische-schweiz.de\/wp-content\/uploads\/2021\/09\/ferienwohnung-1540x600.jpg\" class=\"attachment-Titelbild size-Titelbild wp-image-863\" alt=\"\" \/>\t\t\t\t\t\t\t\t\t\t\t\t\t<\/div>\n\t\t\t\t<\/div>\n\t\t\t\t\t<\/div>\n\t\t<\/div>\n\t\t\t\t\t<\/div>\n\t\t<\/section>\n\t\t\t\t<section class=\"elementor-section elementor-top-section elementor-element elementor-element-4f6798e3 elementor-section-boxed elementor-section-height-default elementor-section-height-default\" data-id=\"4f6798e3\" data-element_type=\"section\">\n\t\t\t\t\t\t<div class=\"elementor-container elementor-column-gap-default\">\n\t\t\t\t\t<div class=\"elementor-column elementor-col-50 elementor-top-column elementor-element elementor-element-43a507f\" data-id=\"43a507f\" data-element_type=\"column\">\n\t\t\t<div class=\"elementor-widget-wrap elementor-element-populated\">\n\t\t\t\t\t\t<div class=\"elementor-element elementor-element-1919241 elementor-widget elementor-widget-heading\" data-id=\"1919241\" data-element_type=\"widget\" data-widget_type=\"heading.default\">\n\t\t\t\t<div class=\"elementor-widget-container\">\n\t\t\t<style>\/*! elementor - v3.22.0 - 26-06-2024 *\/\n.elementor-heading-title{padding:0;margin:0;line-height:1}.elementor-widget-heading .elementor-heading-title[class*=elementor-size-]>a{color:inherit;font-size:inherit;line-height:inherit}.elementor-widget-heading .elementor-heading-title.elementor-size-small{font-size:15px}.elementor-widget-heading .elementor-heading-title.elementor-size-medium{font-size:19px}.elementor-widget-heading .elementor-heading-title.elementor-size-large{font-size:29px}.elementor-widget-heading .elementor-heading-title.elementor-size-xl{font-size:39px}.elementor-widget-heading .elementor-heading-title.elementor-size-xxl{font-size:59px}<\/style><h1 class=\"elementor-heading-title elementor-size-default\">Ferienwohnungen und Ferienh\u00e4user<\/h1>\t\t<\/div>\n\t\t\t\t<\/div>\n\t\t\t\t\t<\/div>\n\t\t<\/div>\n\t\t\t\t<div class=\"elementor-column elementor-col-50 elementor-top-column elementor-element elementor-element-12e56eb8\" data-id=\"12e56eb8\" data-element_type=\"column\">\n\t\t\t<div class=\"elementor-widget-wrap elementor-element-populated\">\n\t\t\t\t\t\t<div class=\"elementor-element elementor-element-1bdff08f elementor-widget elementor-widget-text-editor\" data-id=\"1bdff08f\" data-element_type=\"widget\" data-widget_type=\"text-editor.default\">\n\t\t\t\t<div class=\"elementor-widget-container\">\n\t\t\t<style>\/*! elementor - v3.22.0 - 26-06-2024 *\/\n.elementor-widget-text-editor.elementor-drop-cap-view-stacked .elementor-drop-cap{background-color:#69727d;color:#fff}.elementor-widget-text-editor.elementor-drop-cap-view-framed .elementor-drop-cap{color:#69727d;border:3px solid;background-color:transparent}.elementor-widget-text-editor:not(.elementor-drop-cap-view-default) .elementor-drop-cap{margin-top:8px}.elementor-widget-text-editor:not(.elementor-drop-cap-view-default) .elementor-drop-cap-letter{width:1em;height:1em}.elementor-widget-text-editor .elementor-drop-cap{float:left;text-align:center;line-height:1;font-size:50px}.elementor-widget-text-editor .elementor-drop-cap-letter{display:inline-block}<\/style>\t\t\t\t<h2>Urlaub in Sachsen<\/h2><p>Sachsen insbesondere die S\u00e4chsische Schweiz ist eine sehr beliebte Urlaubsregion in Deutschland. Daf\u00fcr gibt es eine Vielzahl an Gr\u00fcnden, denn unsere Region hat massig zu bieten. Neben vielen Sport- und Erholungsm\u00f6glichkeiten sind es insbesondere die Architektur und kulturelle Gegebenheiten, die viele Touristen anziehen. Selbstverst\u00e4ndlich verf\u00fcgt die S\u00e4chsische Schweiz auch \u00fcber ein vielf\u00e4ltiges Freizeitangebot, eine besonders sch\u00f6ne Attraktion ist unser <a title=\"Miniaturpark\" href=\"https:\/\/itanumit.de\/kleine-saechsische-schweiz.de\/miniaturpark\/\">Miniaturpark<\/a>.<\/p><p>Sollten Sie f\u00fcr Ihren Urlaub noch ein Ferienhaus oder eine <a title=\"Ferienwohnungen in Sachsen\" href=\"https:\/\/www.traum-ferienwohnungen.de\/europa\/deutschland\/sachsen\/\" target=\"_blank\" rel=\"noopener\">Ferienwohnung in Sachsen<\/a> suchen, dann ist die S\u00e4chsische Schweiz genau der richtige Ort f\u00fcr Sie. Dank unseres gro\u00dfen Angebots an Unterk\u00fcnften in der S\u00e4chsischen Schweiz und Umgebung, finden Sie mit Sicherheit ein passendes Feriendomizil f\u00fcr Ihren Urlaub in Sachsen.<\/p>\t\t\t\t\t\t<\/div>\n\t\t\t\t<\/div>\n\t\t\t\t<div class=\"elementor-element elementor-element-78e55fd elementor-widget elementor-widget-html\" data-id=\"78e55fd\" data-element_type=\"widget\" data-widget_type=\"html.default\">\n\t\t\t\t<div class=\"elementor-widget-container\">\n\t\t\t<iframe width=\"625px\" height=\"220px\" src=\"\/\/www.traum-ferienwohnungen.de\/widgets\/suche.htm?region=6192&amp;background=EBE287&amp;border=FFFFFF&amp;fontcolor=414141&amp;button=008F22&amp;buttonfont=FFFFFF&amp;font=Arial%2C%20Helvetica%2C%20sans-serif\" border=\"0\" frameborder=\"0\" marginheight=\"0\" marginwidth=\"0\" allowtransparency=\"true\" scrolling=\"no\" style=\"border:0;\"><\/iframe>\t\t<\/div>\n\t\t\t\t<\/div>\n\t\t\t\t\t<\/div>\n\t\t<\/div>\n\t\t\t\t\t<\/div>\n\t\t<\/section>\n\t\t\t\t<\/div>\n\t\t","protected":false},"excerpt":{"rendered":"<p>Ferienwohnungen und Ferienh\u00e4user Urlaub in Sachsen Sachsen insbesondere die S\u00e4chsische Schweiz ist eine sehr beliebte Urlaubsregion in Deutschland. Daf\u00fcr gibt es eine Vielzahl an Gr\u00fcnden, denn unsere Region hat massig zu bieten. Neben vielen Sport- und Erholungsm\u00f6glichkeiten sind es insbesondere die Architektur und kulturelle Gegebenheiten, die viele Touristen anziehen. Selbstverst\u00e4ndlich verf\u00fcgt die S\u00e4chsische Schweiz auch [&hellip;]<\/p>\n","protected":false},"author":2,"featured_media":0,"parent":413,"menu_order":0,"comment_status":"closed","ping_status":"closed","template":"elementor_header_footer","meta":{"footnotes":""},"class_list":["post-766","page","type-page","status-publish","hentry","entry","owp-thumbs-layout-horizontal","owp-btn-normal","owp-tabs-layout-horizontal","has-no-thumbnails"],"yoast_head":"<!-- This site is optimized with the Yoast SEO plugin v23.0 - https:\/\/yoast.com\/wordpress\/plugins\/seo\/ -->\n<title>Ferienwohnungen - Miniaturpark Kleine S\u00e4chsische Schweiz<\/title>\n<meta name=\"description\" content=\"Suchen Sie nach Unterk\u00fcnften in der N\u00e4he des Miniaturparks &quot;Kleine S\u00e4chsische Schweiz&quot;? Hier finden Sie Ferienwohnungen und Ferienh\u00e4user.\" \/>\n<meta name=\"robots\" content=\"index, follow, max-snippet:-1, max-image-preview:large, max-video-preview:-1\" \/>\n<link rel=\"canonical\" href=\"https:\/\/itanumit.de\/kleine-saechsische-schweiz.de\/miniaturpark\/ferienwohnungen\/\" \/>\n<meta property=\"og:locale\" content=\"de_DE\" \/>\n<meta property=\"og:type\" content=\"article\" \/>\n<meta property=\"og:title\" content=\"Ferienwohnungen - Miniaturpark Kleine S\u00e4chsische Schweiz\" \/>\n<meta property=\"og:description\" content=\"Suchen Sie nach Unterk\u00fcnften in der N\u00e4he des Miniaturparks &quot;Kleine S\u00e4chsische Schweiz&quot;? Hier finden Sie Ferienwohnungen und Ferienh\u00e4user.\" \/>\n<meta property=\"og:url\" content=\"https:\/\/itanumit.de\/kleine-saechsische-schweiz.de\/miniaturpark\/ferienwohnungen\/\" \/>\n<meta property=\"og:site_name\" content=\"Miniaturpark Kleine S\u00e4chsische Schweiz\" \/>\n<meta property=\"article:modified_time\" content=\"2024-03-02T10:53:43+00:00\" \/>\n<meta property=\"og:image\" content=\"https:\/\/itanumit.de\/kleine-saechsische-schweiz.de\/wp-content\/uploads\/2021\/09\/ferienwohnung-1540x600.jpg\" \/>\n<meta name=\"twitter:card\" content=\"summary_large_image\" \/>\n<meta name=\"twitter:label1\" content=\"Gesch\u00e4tzte Lesezeit\" \/>\n\t<meta name=\"twitter:data1\" content=\"1\u00a0Minute\" \/>\n<script type=\"application\/ld+json\" class=\"yoast-schema-graph\">{\"@context\":\"https:\/\/schema.org\",\"@graph\":[{\"@type\":\"WebPage\",\"@id\":\"https:\/\/itanumit.de\/kleine-saechsische-schweiz.de\/miniaturpark\/ferienwohnungen\/\",\"url\":\"https:\/\/itanumit.de\/kleine-saechsische-schweiz.de\/miniaturpark\/ferienwohnungen\/\",\"name\":\"Ferienwohnungen - Miniaturpark Kleine S\u00e4chsische Schweiz\",\"isPartOf\":{\"@id\":\"https:\/\/itanumit.de\/kleine-saechsische-schweiz.de\/#website\"},\"primaryImageOfPage\":{\"@id\":\"https:\/\/itanumit.de\/kleine-saechsische-schweiz.de\/miniaturpark\/ferienwohnungen\/#primaryimage\"},\"image\":{\"@id\":\"https:\/\/itanumit.de\/kleine-saechsische-schweiz.de\/miniaturpark\/ferienwohnungen\/#primaryimage\"},\"thumbnailUrl\":\"https:\/\/itanumit.de\/kleine-saechsische-schweiz.de\/wp-content\/uploads\/2021\/09\/ferienwohnung-1540x600.jpg\",\"datePublished\":\"2021-09-23T06:18:55+00:00\",\"dateModified\":\"2024-03-02T10:53:43+00:00\",\"description\":\"Suchen Sie nach Unterk\u00fcnften in der N\u00e4he des Miniaturparks \\\"Kleine S\u00e4chsische Schweiz\\\"? Hier finden Sie Ferienwohnungen und Ferienh\u00e4user.\",\"breadcrumb\":{\"@id\":\"https:\/\/itanumit.de\/kleine-saechsische-schweiz.de\/miniaturpark\/ferienwohnungen\/#breadcrumb\"},\"inLanguage\":\"de\",\"potentialAction\":[{\"@type\":\"ReadAction\",\"target\":[\"https:\/\/itanumit.de\/kleine-saechsische-schweiz.de\/miniaturpark\/ferienwohnungen\/\"]}]},{\"@type\":\"ImageObject\",\"inLanguage\":\"de\",\"@id\":\"https:\/\/itanumit.de\/kleine-saechsische-schweiz.de\/miniaturpark\/ferienwohnungen\/#primaryimage\",\"url\":\"https:\/\/itanumit.de\/kleine-saechsische-schweiz.de\/wp-content\/uploads\/2021\/09\/ferienwohnung.jpg\",\"contentUrl\":\"https:\/\/itanumit.de\/kleine-saechsische-schweiz.de\/wp-content\/uploads\/2021\/09\/ferienwohnung.jpg\",\"width\":1920,\"height\":1280},{\"@type\":\"BreadcrumbList\",\"@id\":\"https:\/\/itanumit.de\/kleine-saechsische-schweiz.de\/miniaturpark\/ferienwohnungen\/#breadcrumb\",\"itemListElement\":[{\"@type\":\"ListItem\",\"position\":1,\"name\":\"Startseite\",\"item\":\"https:\/\/itanumit.de\/kleine-saechsische-schweiz.de\/\"},{\"@type\":\"ListItem\",\"position\":2,\"name\":\"Miniaturpark\",\"item\":\"https:\/\/itanumit.de\/kleine-saechsische-schweiz.de\/miniaturpark\/\"},{\"@type\":\"ListItem\",\"position\":3,\"name\":\"Ferienwohnungen\"}]},{\"@type\":\"WebSite\",\"@id\":\"https:\/\/itanumit.de\/kleine-saechsische-schweiz.de\/#website\",\"url\":\"https:\/\/itanumit.de\/kleine-saechsische-schweiz.de\/\",\"name\":\"Miniaturpark Kleine S\u00e4chsische Schweiz\",\"description\":\"\",\"publisher\":{\"@id\":\"https:\/\/itanumit.de\/kleine-saechsische-schweiz.de\/#organization\"},\"potentialAction\":[{\"@type\":\"SearchAction\",\"target\":{\"@type\":\"EntryPoint\",\"urlTemplate\":\"https:\/\/itanumit.de\/kleine-saechsische-schweiz.de\/?s={search_term_string}\"},\"query-input\":\"required name=search_term_string\"}],\"inLanguage\":\"de\"},{\"@type\":\"Organization\",\"@id\":\"https:\/\/itanumit.de\/kleine-saechsische-schweiz.de\/#organization\",\"name\":\"Miniaturpark Kleine S\u00e4chsische Schweiz\",\"url\":\"https:\/\/itanumit.de\/kleine-saechsische-schweiz.de\/\",\"logo\":{\"@type\":\"ImageObject\",\"inLanguage\":\"de\",\"@id\":\"https:\/\/itanumit.de\/kleine-saechsische-schweiz.de\/#\/schema\/logo\/image\/\",\"url\":\"https:\/\/itanumit.de\/kleine-saechsische-schweiz.de\/wp-content\/uploads\/2021\/07\/cropped-miniaturpark-kleine-saechsische-schweiz.png\",\"contentUrl\":\"https:\/\/itanumit.de\/kleine-saechsische-schweiz.de\/wp-content\/uploads\/2021\/07\/cropped-miniaturpark-kleine-saechsische-schweiz.png\",\"width\":508,\"height\":192,\"caption\":\"Miniaturpark Kleine S\u00e4chsische Schweiz\"},\"image\":{\"@id\":\"https:\/\/itanumit.de\/kleine-saechsische-schweiz.de\/#\/schema\/logo\/image\/\"}}]}<\/script>\n<!-- \/ Yoast SEO plugin. -->","yoast_head_json":{"title":"Ferienwohnungen - Miniaturpark Kleine S\u00e4chsische Schweiz","description":"Suchen Sie nach Unterk\u00fcnften in der N\u00e4he des Miniaturparks \"Kleine S\u00e4chsische Schweiz\"? Hier finden Sie Ferienwohnungen und Ferienh\u00e4user.","robots":{"index":"index","follow":"follow","max-snippet":"max-snippet:-1","max-image-preview":"max-image-preview:large","max-video-preview":"max-video-preview:-1"},"canonical":"https:\/\/itanumit.de\/kleine-saechsische-schweiz.de\/miniaturpark\/ferienwohnungen\/","og_locale":"de_DE","og_type":"article","og_title":"Ferienwohnungen - Miniaturpark Kleine S\u00e4chsische Schweiz","og_description":"Suchen Sie nach Unterk\u00fcnften in der N\u00e4he des Miniaturparks \"Kleine S\u00e4chsische Schweiz\"? Hier finden Sie Ferienwohnungen und Ferienh\u00e4user.","og_url":"https:\/\/itanumit.de\/kleine-saechsische-schweiz.de\/miniaturpark\/ferienwohnungen\/","og_site_name":"Miniaturpark Kleine S\u00e4chsische Schweiz","article_modified_time":"2024-03-02T10:53:43+00:00","og_image":[{"url":"https:\/\/itanumit.de\/kleine-saechsische-schweiz.de\/wp-content\/uploads\/2021\/09\/ferienwohnung-1540x600.jpg"}],"twitter_card":"summary_large_image","twitter_misc":{"Gesch\u00e4tzte Lesezeit":"1\u00a0Minute"},"schema":{"@context":"https:\/\/schema.org","@graph":[{"@type":"WebPage","@id":"https:\/\/itanumit.de\/kleine-saechsische-schweiz.de\/miniaturpark\/ferienwohnungen\/","url":"https:\/\/itanumit.de\/kleine-saechsische-schweiz.de\/miniaturpark\/ferienwohnungen\/","name":"Ferienwohnungen - Miniaturpark Kleine S\u00e4chsische Schweiz","isPartOf":{"@id":"https:\/\/itanumit.de\/kleine-saechsische-schweiz.de\/#website"},"primaryImageOfPage":{"@id":"https:\/\/itanumit.de\/kleine-saechsische-schweiz.de\/miniaturpark\/ferienwohnungen\/#primaryimage"},"image":{"@id":"https:\/\/itanumit.de\/kleine-saechsische-schweiz.de\/miniaturpark\/ferienwohnungen\/#primaryimage"},"thumbnailUrl":"https:\/\/itanumit.de\/kleine-saechsische-schweiz.de\/wp-content\/uploads\/2021\/09\/ferienwohnung-1540x600.jpg","datePublished":"2021-09-23T06:18:55+00:00","dateModified":"2024-03-02T10:53:43+00:00","description":"Suchen Sie nach Unterk\u00fcnften in der N\u00e4he des Miniaturparks \"Kleine S\u00e4chsische Schweiz\"? Hier finden Sie Ferienwohnungen und Ferienh\u00e4user.","breadcrumb":{"@id":"https:\/\/itanumit.de\/kleine-saechsische-schweiz.de\/miniaturpark\/ferienwohnungen\/#breadcrumb"},"inLanguage":"de","potentialAction":[{"@type":"ReadAction","target":["https:\/\/itanumit.de\/kleine-saechsische-schweiz.de\/miniaturpark\/ferienwohnungen\/"]}]},{"@type":"ImageObject","inLanguage":"de","@id":"https:\/\/itanumit.de\/kleine-saechsische-schweiz.de\/miniaturpark\/ferienwohnungen\/#primaryimage","url":"https:\/\/itanumit.de\/kleine-saechsische-schweiz.de\/wp-content\/uploads\/2021\/09\/ferienwohnung.jpg","contentUrl":"https:\/\/itanumit.de\/kleine-saechsische-schweiz.de\/wp-content\/uploads\/2021\/09\/ferienwohnung.jpg","width":1920,"height":1280},{"@type":"BreadcrumbList","@id":"https:\/\/itanumit.de\/kleine-saechsische-schweiz.de\/miniaturpark\/ferienwohnungen\/#breadcrumb","itemListElement":[{"@type":"ListItem","position":1,"name":"Startseite","item":"https:\/\/itanumit.de\/kleine-saechsische-schweiz.de\/"},{"@type":"ListItem","position":2,"name":"Miniaturpark","item":"https:\/\/itanumit.de\/kleine-saechsische-schweiz.de\/miniaturpark\/"},{"@type":"ListItem","position":3,"name":"Ferienwohnungen"}]},{"@type":"WebSite","@id":"https:\/\/itanumit.de\/kleine-saechsische-schweiz.de\/#website","url":"https:\/\/itanumit.de\/kleine-saechsische-schweiz.de\/","name":"Miniaturpark Kleine S\u00e4chsische Schweiz","description":"","publisher":{"@id":"https:\/\/itanumit.de\/kleine-saechsische-schweiz.de\/#organization"},"potentialAction":[{"@type":"SearchAction","target":{"@type":"EntryPoint","urlTemplate":"https:\/\/itanumit.de\/kleine-saechsische-schweiz.de\/?s={search_term_string}"},"query-input":"required name=search_term_string"}],"inLanguage":"de"},{"@type":"Organization","@id":"https:\/\/itanumit.de\/kleine-saechsische-schweiz.de\/#organization","name":"Miniaturpark Kleine S\u00e4chsische Schweiz","url":"https:\/\/itanumit.de\/kleine-saechsische-schweiz.de\/","logo":{"@type":"ImageObject","inLanguage":"de","@id":"https:\/\/itanumit.de\/kleine-saechsische-schweiz.de\/#\/schema\/logo\/image\/","url":"https:\/\/itanumit.de\/kleine-saechsische-schweiz.de\/wp-content\/uploads\/2021\/07\/cropped-miniaturpark-kleine-saechsische-schweiz.png","contentUrl":"https:\/\/itanumit.de\/kleine-saechsische-schweiz.de\/wp-content\/uploads\/2021\/07\/cropped-miniaturpark-kleine-saechsische-schweiz.png","width":508,"height":192,"caption":"Miniaturpark Kleine S\u00e4chsische Schweiz"},"image":{"@id":"https:\/\/itanumit.de\/kleine-saechsische-schweiz.de\/#\/schema\/logo\/image\/"}}]}},"_links":{"self":[{"href":"https:\/\/itanumit.de\/kleine-saechsische-schweiz.de\/wp-json\/wp\/v2\/pages\/766","targetHints":{"allow":["GET"]}}],"collection":[{"href":"https:\/\/itanumit.de\/kleine-saechsische-schweiz.de\/wp-json\/wp\/v2\/pages"}],"about":[{"href":"https:\/\/itanumit.de\/kleine-saechsische-schweiz.de\/wp-json\/wp\/v2\/types\/page"}],"author":[{"embeddable":true,"href":"https:\/\/itanumit.de\/kleine-saechsische-schweiz.de\/wp-json\/wp\/v2\/users\/2"}],"replies":[{"embeddable":true,"href":"https:\/\/itanumit.de\/kleine-saechsische-schweiz.de\/wp-json\/wp\/v2\/comments?post=766"}],"version-history":[{"count":11,"href":"https:\/\/itanumit.de\/kleine-saechsische-schweiz.de\/wp-json\/wp\/v2\/pages\/766\/revisions"}],"predecessor-version":[{"id":3944,"href":"https:\/\/itanumit.de\/kleine-saechsische-schweiz.de\/wp-json\/wp\/v2\/pages\/766\/revisions\/3944"}],"up":[{"embeddable":true,"href":"https:\/\/itanumit.de\/kleine-saechsische-schweiz.de\/wp-json\/wp\/v2\/pages\/413"}],"wp:attachment":[{"href":"https:\/\/itanumit.de\/kleine-saechsische-schweiz.de\/wp-json\/wp\/v2\/media?parent=766"}],"curies":[{"name":"wp","href":"https:\/\/api.w.org\/{rel}","templated":true}]}}