{"id":1660,"date":"2021-11-04T14:01:23","date_gmt":"2021-11-04T13:01:23","guid":{"rendered":"http:\/\/dev.kleine-saechsische-schweiz.de\/?post_type=product&#038;p=1660"},"modified":"2023-03-02T10:45:18","modified_gmt":"2023-03-02T09:45:18","slug":"bruchbude-striezelkinder-mit-teelicht","status":"publish","type":"product","link":"https:\/\/itanumit.de\/kleine-saechsische-schweiz.de\/shop\/raeucherartikel\/bruchbude-striezelkinder-mit-teelicht\/","title":{"rendered":"Bruchbude &#8222;Striezelkinder&#8220; mit Teelicht"},"content":{"rendered":"<div class=\"description\">\n<div class=\"description\">\n<div class=\"description\">\n<p>R\u00e4ucherhaus &#8222;Schutzh\u00fctte&#8220; der Steinbrecher in Steinbr\u00fcchen des Elbsandsteingebirges, Figuren aus Holz (Romy Thiel)<\/p>\n<p>Material: Sandstein<\/p>\n<\/div>\n<\/div>\n<\/div>\n","protected":false},"excerpt":{"rendered":"<p>R\u00e4ucherhaus &#8222;Schutzh\u00fctte&#8220; der Steinbrecher in Steinbr\u00fcchen des Elbsandsteingebirges, Figuren aus Holz (Romy Thiel)<\/p>\n<p>Material: Sandstein<\/p>\n","protected":false},"featured_media":1541,"template":"","meta":[],"product_cat":[71],"product_tag":[],"class_list":{"0":"post-1660","1":"product","2":"type-product","3":"status-publish","4":"has-post-thumbnail","6":"product_cat-raeucherartikel","8":"entry","9":"has-media","11":"first","12":"instock","13":"taxable","14":"shipping-taxable","15":"purchasable","16":"product-type-variable","17":"col","18":"span_1_of_3","19":"owp-content-left","20":"owp-thumbs-layout-horizontal","21":"owp-btn-normal","22":"owp-tabs-layout-horizontal","23":"has-no-thumbnails"},"yoast_head":"<!-- This site is optimized with the Yoast SEO plugin v23.0 - https:\/\/yoast.com\/wordpress\/plugins\/seo\/ -->\n<title>Bruchbude &quot;Striezelkinder&quot; mit Teelicht - Miniaturpark Kleine S\u00e4chsische Schweiz<\/title>\n<meta name=\"robots\" content=\"index, follow, max-snippet:-1, max-image-preview:large, max-video-preview:-1\" \/>\n<link rel=\"canonical\" href=\"https:\/\/itanumit.de\/kleine-saechsische-schweiz.de\/shop\/raeucherartikel\/bruchbude-striezelkinder-mit-teelicht\/\" \/>\n<meta property=\"og:locale\" content=\"de_DE\" \/>\n<meta property=\"og:type\" content=\"article\" \/>\n<meta property=\"og:title\" content=\"Bruchbude &quot;Striezelkinder&quot; mit Teelicht - Miniaturpark Kleine S\u00e4chsische Schweiz\" \/>\n<meta property=\"og:description\" content=\"R\u00e4ucherhaus &quot;Schutzh\u00fctte&quot; der Steinbrecher in Steinbr\u00fcchen des Elbsandsteingebirges, Figuren aus Holz (Romy Thiel)  Material: Sandstein\" \/>\n<meta property=\"og:url\" content=\"https:\/\/itanumit.de\/kleine-saechsische-schweiz.de\/shop\/raeucherartikel\/bruchbude-striezelkinder-mit-teelicht\/\" \/>\n<meta property=\"og:site_name\" content=\"Miniaturpark Kleine S\u00e4chsische Schweiz\" \/>\n<meta property=\"article:modified_time\" content=\"2023-03-02T09:45:18+00:00\" \/>\n<meta property=\"og:image\" content=\"https:\/\/itanumit.de\/kleine-saechsische-schweiz.de\/wp-content\/uploads\/2021\/11\/web3827.jpg\" \/>\n\t<meta property=\"og:image:width\" content=\"1392\" \/>\n\t<meta property=\"og:image:height\" content=\"928\" \/>\n\t<meta property=\"og:image:type\" content=\"image\/jpeg\" \/>\n<meta name=\"twitter:card\" content=\"summary_large_image\" \/>\n<script type=\"application\/ld+json\" class=\"yoast-schema-graph\">{\"@context\":\"https:\/\/schema.org\",\"@graph\":[{\"@type\":\"WebPage\",\"@id\":\"https:\/\/itanumit.de\/kleine-saechsische-schweiz.de\/shop\/raeucherartikel\/bruchbude-striezelkinder-mit-teelicht\/\",\"url\":\"https:\/\/itanumit.de\/kleine-saechsische-schweiz.de\/shop\/raeucherartikel\/bruchbude-striezelkinder-mit-teelicht\/\",\"name\":\"Bruchbude \\\"Striezelkinder\\\" mit Teelicht - Miniaturpark Kleine S\u00e4chsische Schweiz\",\"isPartOf\":{\"@id\":\"https:\/\/itanumit.de\/kleine-saechsische-schweiz.de\/#website\"},\"primaryImageOfPage\":{\"@id\":\"https:\/\/itanumit.de\/kleine-saechsische-schweiz.de\/shop\/raeucherartikel\/bruchbude-striezelkinder-mit-teelicht\/#primaryimage\"},\"image\":{\"@id\":\"https:\/\/itanumit.de\/kleine-saechsische-schweiz.de\/shop\/raeucherartikel\/bruchbude-striezelkinder-mit-teelicht\/#primaryimage\"},\"thumbnailUrl\":\"https:\/\/itanumit.de\/kleine-saechsische-schweiz.de\/wp-content\/uploads\/2021\/11\/web3827.jpg\",\"datePublished\":\"2021-11-04T13:01:23+00:00\",\"dateModified\":\"2023-03-02T09:45:18+00:00\",\"breadcrumb\":{\"@id\":\"https:\/\/itanumit.de\/kleine-saechsische-schweiz.de\/shop\/raeucherartikel\/bruchbude-striezelkinder-mit-teelicht\/#breadcrumb\"},\"inLanguage\":\"de\",\"potentialAction\":[{\"@type\":\"ReadAction\",\"target\":[\"https:\/\/itanumit.de\/kleine-saechsische-schweiz.de\/shop\/raeucherartikel\/bruchbude-striezelkinder-mit-teelicht\/\"]}]},{\"@type\":\"ImageObject\",\"inLanguage\":\"de\",\"@id\":\"https:\/\/itanumit.de\/kleine-saechsische-schweiz.de\/shop\/raeucherartikel\/bruchbude-striezelkinder-mit-teelicht\/#primaryimage\",\"url\":\"https:\/\/itanumit.de\/kleine-saechsische-schweiz.de\/wp-content\/uploads\/2021\/11\/web3827.jpg\",\"contentUrl\":\"https:\/\/itanumit.de\/kleine-saechsische-schweiz.de\/wp-content\/uploads\/2021\/11\/web3827.jpg\",\"width\":1392,\"height\":928},{\"@type\":\"BreadcrumbList\",\"@id\":\"https:\/\/itanumit.de\/kleine-saechsische-schweiz.de\/shop\/raeucherartikel\/bruchbude-striezelkinder-mit-teelicht\/#breadcrumb\",\"itemListElement\":[{\"@type\":\"ListItem\",\"position\":1,\"name\":\"Startseite\",\"item\":\"https:\/\/itanumit.de\/kleine-saechsische-schweiz.de\/\"},{\"@type\":\"ListItem\",\"position\":2,\"name\":\"Shop\",\"item\":\"https:\/\/itanumit.de\/kleine-saechsische-schweiz.de\/shop\/\"},{\"@type\":\"ListItem\",\"position\":3,\"name\":\"Bruchbude &#8222;Striezelkinder&#8220; mit Teelicht\"}]},{\"@type\":\"WebSite\",\"@id\":\"https:\/\/itanumit.de\/kleine-saechsische-schweiz.de\/#website\",\"url\":\"https:\/\/itanumit.de\/kleine-saechsische-schweiz.de\/\",\"name\":\"Miniaturpark Kleine S\u00e4chsische Schweiz\",\"description\":\"\",\"publisher\":{\"@id\":\"https:\/\/itanumit.de\/kleine-saechsische-schweiz.de\/#organization\"},\"potentialAction\":[{\"@type\":\"SearchAction\",\"target\":{\"@type\":\"EntryPoint\",\"urlTemplate\":\"https:\/\/itanumit.de\/kleine-saechsische-schweiz.de\/?s={search_term_string}\"},\"query-input\":\"required name=search_term_string\"}],\"inLanguage\":\"de\"},{\"@type\":\"Organization\",\"@id\":\"https:\/\/itanumit.de\/kleine-saechsische-schweiz.de\/#organization\",\"name\":\"Miniaturpark Kleine S\u00e4chsische Schweiz\",\"url\":\"https:\/\/itanumit.de\/kleine-saechsische-schweiz.de\/\",\"logo\":{\"@type\":\"ImageObject\",\"inLanguage\":\"de\",\"@id\":\"https:\/\/itanumit.de\/kleine-saechsische-schweiz.de\/#\/schema\/logo\/image\/\",\"url\":\"https:\/\/itanumit.de\/kleine-saechsische-schweiz.de\/wp-content\/uploads\/2021\/07\/cropped-miniaturpark-kleine-saechsische-schweiz.png\",\"contentUrl\":\"https:\/\/itanumit.de\/kleine-saechsische-schweiz.de\/wp-content\/uploads\/2021\/07\/cropped-miniaturpark-kleine-saechsische-schweiz.png\",\"width\":508,\"height\":192,\"caption\":\"Miniaturpark Kleine S\u00e4chsische Schweiz\"},\"image\":{\"@id\":\"https:\/\/itanumit.de\/kleine-saechsische-schweiz.de\/#\/schema\/logo\/image\/\"}}]}<\/script>\n<!-- \/ Yoast SEO plugin. -->","yoast_head_json":{"title":"Bruchbude \"Striezelkinder\" mit Teelicht - Miniaturpark Kleine S\u00e4chsische Schweiz","robots":{"index":"index","follow":"follow","max-snippet":"max-snippet:-1","max-image-preview":"max-image-preview:large","max-video-preview":"max-video-preview:-1"},"canonical":"https:\/\/itanumit.de\/kleine-saechsische-schweiz.de\/shop\/raeucherartikel\/bruchbude-striezelkinder-mit-teelicht\/","og_locale":"de_DE","og_type":"article","og_title":"Bruchbude \"Striezelkinder\" mit Teelicht - Miniaturpark Kleine S\u00e4chsische Schweiz","og_description":"R\u00e4ucherhaus \"Schutzh\u00fctte\" der Steinbrecher in Steinbr\u00fcchen des Elbsandsteingebirges, Figuren aus Holz (Romy Thiel)  Material: Sandstein","og_url":"https:\/\/itanumit.de\/kleine-saechsische-schweiz.de\/shop\/raeucherartikel\/bruchbude-striezelkinder-mit-teelicht\/","og_site_name":"Miniaturpark Kleine S\u00e4chsische Schweiz","article_modified_time":"2023-03-02T09:45:18+00:00","og_image":[{"width":1392,"height":928,"url":"https:\/\/itanumit.de\/kleine-saechsische-schweiz.de\/wp-content\/uploads\/2021\/11\/web3827.jpg","type":"image\/jpeg"}],"twitter_card":"summary_large_image","schema":{"@context":"https:\/\/schema.org","@graph":[{"@type":"WebPage","@id":"https:\/\/itanumit.de\/kleine-saechsische-schweiz.de\/shop\/raeucherartikel\/bruchbude-striezelkinder-mit-teelicht\/","url":"https:\/\/itanumit.de\/kleine-saechsische-schweiz.de\/shop\/raeucherartikel\/bruchbude-striezelkinder-mit-teelicht\/","name":"Bruchbude \"Striezelkinder\" mit Teelicht - Miniaturpark Kleine S\u00e4chsische Schweiz","isPartOf":{"@id":"https:\/\/itanumit.de\/kleine-saechsische-schweiz.de\/#website"},"primaryImageOfPage":{"@id":"https:\/\/itanumit.de\/kleine-saechsische-schweiz.de\/shop\/raeucherartikel\/bruchbude-striezelkinder-mit-teelicht\/#primaryimage"},"image":{"@id":"https:\/\/itanumit.de\/kleine-saechsische-schweiz.de\/shop\/raeucherartikel\/bruchbude-striezelkinder-mit-teelicht\/#primaryimage"},"thumbnailUrl":"https:\/\/itanumit.de\/kleine-saechsische-schweiz.de\/wp-content\/uploads\/2021\/11\/web3827.jpg","datePublished":"2021-11-04T13:01:23+00:00","dateModified":"2023-03-02T09:45:18+00:00","breadcrumb":{"@id":"https:\/\/itanumit.de\/kleine-saechsische-schweiz.de\/shop\/raeucherartikel\/bruchbude-striezelkinder-mit-teelicht\/#breadcrumb"},"inLanguage":"de","potentialAction":[{"@type":"ReadAction","target":["https:\/\/itanumit.de\/kleine-saechsische-schweiz.de\/shop\/raeucherartikel\/bruchbude-striezelkinder-mit-teelicht\/"]}]},{"@type":"ImageObject","inLanguage":"de","@id":"https:\/\/itanumit.de\/kleine-saechsische-schweiz.de\/shop\/raeucherartikel\/bruchbude-striezelkinder-mit-teelicht\/#primaryimage","url":"https:\/\/itanumit.de\/kleine-saechsische-schweiz.de\/wp-content\/uploads\/2021\/11\/web3827.jpg","contentUrl":"https:\/\/itanumit.de\/kleine-saechsische-schweiz.de\/wp-content\/uploads\/2021\/11\/web3827.jpg","width":1392,"height":928},{"@type":"BreadcrumbList","@id":"https:\/\/itanumit.de\/kleine-saechsische-schweiz.de\/shop\/raeucherartikel\/bruchbude-striezelkinder-mit-teelicht\/#breadcrumb","itemListElement":[{"@type":"ListItem","position":1,"name":"Startseite","item":"https:\/\/itanumit.de\/kleine-saechsische-schweiz.de\/"},{"@type":"ListItem","position":2,"name":"Shop","item":"https:\/\/itanumit.de\/kleine-saechsische-schweiz.de\/shop\/"},{"@type":"ListItem","position":3,"name":"Bruchbude &#8222;Striezelkinder&#8220; mit Teelicht"}]},{"@type":"WebSite","@id":"https:\/\/itanumit.de\/kleine-saechsische-schweiz.de\/#website","url":"https:\/\/itanumit.de\/kleine-saechsische-schweiz.de\/","name":"Miniaturpark Kleine S\u00e4chsische Schweiz","description":"","publisher":{"@id":"https:\/\/itanumit.de\/kleine-saechsische-schweiz.de\/#organization"},"potentialAction":[{"@type":"SearchAction","target":{"@type":"EntryPoint","urlTemplate":"https:\/\/itanumit.de\/kleine-saechsische-schweiz.de\/?s={search_term_string}"},"query-input":"required name=search_term_string"}],"inLanguage":"de"},{"@type":"Organization","@id":"https:\/\/itanumit.de\/kleine-saechsische-schweiz.de\/#organization","name":"Miniaturpark Kleine S\u00e4chsische Schweiz","url":"https:\/\/itanumit.de\/kleine-saechsische-schweiz.de\/","logo":{"@type":"ImageObject","inLanguage":"de","@id":"https:\/\/itanumit.de\/kleine-saechsische-schweiz.de\/#\/schema\/logo\/image\/","url":"https:\/\/itanumit.de\/kleine-saechsische-schweiz.de\/wp-content\/uploads\/2021\/07\/cropped-miniaturpark-kleine-saechsische-schweiz.png","contentUrl":"https:\/\/itanumit.de\/kleine-saechsische-schweiz.de\/wp-content\/uploads\/2021\/07\/cropped-miniaturpark-kleine-saechsische-schweiz.png","width":508,"height":192,"caption":"Miniaturpark Kleine S\u00e4chsische Schweiz"},"image":{"@id":"https:\/\/itanumit.de\/kleine-saechsische-schweiz.de\/#\/schema\/logo\/image\/"}}]}},"_links":{"self":[{"href":"https:\/\/itanumit.de\/kleine-saechsische-schweiz.de\/wp-json\/wp\/v2\/product\/1660","targetHints":{"allow":["GET"]}}],"collection":[{"href":"https:\/\/itanumit.de\/kleine-saechsische-schweiz.de\/wp-json\/wp\/v2\/product"}],"about":[{"href":"https:\/\/itanumit.de\/kleine-saechsische-schweiz.de\/wp-json\/wp\/v2\/types\/product"}],"wp:featuredmedia":[{"embeddable":true,"href":"https:\/\/itanumit.de\/kleine-saechsische-schweiz.de\/wp-json\/wp\/v2\/media\/1541"}],"wp:attachment":[{"href":"https:\/\/itanumit.de\/kleine-saechsische-schweiz.de\/wp-json\/wp\/v2\/media?parent=1660"}],"wp:term":[{"taxonomy":"product_cat","embeddable":true,"href":"https:\/\/itanumit.de\/kleine-saechsische-schweiz.de\/wp-json\/wp\/v2\/product_cat?post=1660"},{"taxonomy":"product_tag","embeddable":true,"href":"https:\/\/itanumit.de\/kleine-saechsische-schweiz.de\/wp-json\/wp\/v2\/product_tag?post=1660"}],"curies":[{"name":"wp","href":"https:\/\/api.w.org\/{rel}","templated":true}]}}