{"id":2240,"date":"2022-02-10T13:05:55","date_gmt":"2022-02-10T12:05:55","guid":{"rendered":"https:\/\/itanumit.de\/kleine-saechsische-schweiz.de\/?post_type=product&#038;p=2240"},"modified":"2023-03-10T09:40:10","modified_gmt":"2023-03-10T08:40:10","slug":"das-richard-wagner-denkmal","status":"publish","type":"product","link":"https:\/\/itanumit.de\/kleine-saechsische-schweiz.de\/shop\/felsminiaturen\/das-richard-wagner-denkmal\/","title":{"rendered":"Das Richard Wagner Denkmal"},"content":{"rendered":"<div class=\"description\">\n<div class=\"description\">\n<div class=\"description\">\n<p>Das Richard Wagner Denkmal<\/p>\n<p>Der Wagner-Verehrer Richard Guhr schuf dem Komponisten ein monumentales Denkmal, das seit 1933 im Liebethaler Grund zur Pilgerst\u00e4tte f\u00fcr Wanderer geworden ist. Imposant erhebt sich die vier Meter hohe Bronzegruppe auf einem gewaltigen Sockel &#8211; ein \u00fcberraschender Blickfang in dem stillen Tal. Es zeigt Wagner als Gralsritter, umringt von den Elementen seiner Musik.<\/p>\n<p>2018 wurde das Denkmal im Ma\u00dfstab 1:4 in detailgetreuer Handarbeit reproduziert und fasziniert seitdem mit seiner effektvollen Inszenierung die Besucher des Miniaturparkes &#8222;Die Kleine S\u00e4chsische Schweiz&#8220; in Dorf Wehlen.<\/p>\n<p>Diese Miniatur ist das getreue Abbild der 2018er Wiederbelebung der klassizistischen Figurengruppe. Sie wurde von Leopold Dietrich &#8211; Miniaturen Galerie, in Kooperation mit dem Miniaturpark &#8222;Die Kleine S\u00e4chsische Schweiz&#8220;, entwickelt und produziert. Es ist ein in Handarbeit erstellter und bemalter Kunstharzguss, mit einer kratzfesten und UV-best\u00e4ndigen Lackierung, pr\u00e4sentiert auf einem Sandsteinsockel.<\/p>\n<p>1 Abguss aus Polyurethan, bemalt, Sandsteinsockel, inkl. Schachtel, Ma\u00dfe XS: 6 x 4 x 6,5 cm, S: 10 x 6,5 x 10 cm, M: 15 x 10,5 x 16 cm<\/p>\n<\/div>\n<\/div>\n<\/div>\n","protected":false},"excerpt":{"rendered":"<p>Das Richard Wagner Denkmal Der Wagner-Verehrer Richard Guhr schuf dem Komponisten ein monumentales Denkmal, das seit 1933 im Liebethaler Grund zur Pilgerst\u00e4tte f\u00fcr Wanderer geworden ist. Imposant erhebt sich die vier Meter hohe Bronzegruppe auf einem gewaltigen Sockel &#8211; ein \u00fcberraschender Blickfang in dem stillen Tal. Es zeigt Wagner als Gralsritter, umringt von den Elementen [&hellip;]<\/p>\n","protected":false},"featured_media":2241,"template":"","meta":[],"product_cat":[67,80],"product_tag":[],"class_list":{"0":"post-2240","1":"product","2":"type-product","3":"status-publish","4":"has-post-thumbnail","6":"product_cat-felsminiaturen","7":"product_cat-neuheiten-2022","9":"entry","10":"has-media","12":"first","13":"instock","14":"taxable","15":"shipping-taxable","16":"purchasable","17":"product-type-variable","18":"col","19":"span_1_of_3","20":"owp-content-left","21":"owp-thumbs-layout-horizontal","22":"owp-btn-normal","23":"owp-tabs-layout-horizontal","24":"has-no-thumbnails"},"yoast_head":"<!-- This site is optimized with the Yoast SEO plugin v23.0 - https:\/\/yoast.com\/wordpress\/plugins\/seo\/ -->\n<title>Das Richard Wagner Denkmal - Miniaturpark Kleine S\u00e4chsische Schweiz<\/title>\n<meta name=\"robots\" content=\"index, follow, max-snippet:-1, max-image-preview:large, max-video-preview:-1\" \/>\n<link rel=\"canonical\" href=\"https:\/\/itanumit.de\/kleine-saechsische-schweiz.de\/shop\/felsminiaturen\/das-richard-wagner-denkmal\/\" \/>\n<meta property=\"og:locale\" content=\"de_DE\" \/>\n<meta property=\"og:type\" content=\"article\" \/>\n<meta property=\"og:title\" content=\"Das Richard Wagner Denkmal - Miniaturpark Kleine S\u00e4chsische Schweiz\" \/>\n<meta property=\"og:description\" content=\"Das Richard Wagner Denkmal Der Wagner-Verehrer Richard Guhr schuf dem Komponisten ein monumentales Denkmal, das seit 1933 im Liebethaler Grund zur Pilgerst\u00e4tte f\u00fcr Wanderer geworden ist. Imposant erhebt sich die vier Meter hohe Bronzegruppe auf einem gewaltigen Sockel &#8211; ein \u00fcberraschender Blickfang in dem stillen Tal. Es zeigt Wagner als Gralsritter, umringt von den Elementen [&hellip;]\" \/>\n<meta property=\"og:url\" content=\"https:\/\/itanumit.de\/kleine-saechsische-schweiz.de\/shop\/felsminiaturen\/das-richard-wagner-denkmal\/\" \/>\n<meta property=\"og:site_name\" content=\"Miniaturpark Kleine S\u00e4chsische Schweiz\" \/>\n<meta property=\"article:modified_time\" content=\"2023-03-10T08:40:10+00:00\" \/>\n<meta property=\"og:image\" content=\"https:\/\/itanumit.de\/kleine-saechsische-schweiz.de\/wp-content\/uploads\/2022\/02\/5770web.jpg\" \/>\n\t<meta property=\"og:image:width\" content=\"2000\" \/>\n\t<meta property=\"og:image:height\" content=\"1333\" \/>\n\t<meta property=\"og:image:type\" content=\"image\/jpeg\" \/>\n<meta name=\"twitter:card\" content=\"summary_large_image\" \/>\n<meta name=\"twitter:label1\" content=\"Gesch\u00e4tzte Lesezeit\" \/>\n\t<meta name=\"twitter:data1\" content=\"1\u00a0Minute\" \/>\n<script type=\"application\/ld+json\" class=\"yoast-schema-graph\">{\"@context\":\"https:\/\/schema.org\",\"@graph\":[{\"@type\":\"WebPage\",\"@id\":\"https:\/\/itanumit.de\/kleine-saechsische-schweiz.de\/shop\/felsminiaturen\/das-richard-wagner-denkmal\/\",\"url\":\"https:\/\/itanumit.de\/kleine-saechsische-schweiz.de\/shop\/felsminiaturen\/das-richard-wagner-denkmal\/\",\"name\":\"Das Richard Wagner Denkmal - Miniaturpark Kleine S\u00e4chsische Schweiz\",\"isPartOf\":{\"@id\":\"https:\/\/itanumit.de\/kleine-saechsische-schweiz.de\/#website\"},\"primaryImageOfPage\":{\"@id\":\"https:\/\/itanumit.de\/kleine-saechsische-schweiz.de\/shop\/felsminiaturen\/das-richard-wagner-denkmal\/#primaryimage\"},\"image\":{\"@id\":\"https:\/\/itanumit.de\/kleine-saechsische-schweiz.de\/shop\/felsminiaturen\/das-richard-wagner-denkmal\/#primaryimage\"},\"thumbnailUrl\":\"https:\/\/itanumit.de\/kleine-saechsische-schweiz.de\/wp-content\/uploads\/2022\/02\/5770web.jpg\",\"datePublished\":\"2022-02-10T12:05:55+00:00\",\"dateModified\":\"2023-03-10T08:40:10+00:00\",\"breadcrumb\":{\"@id\":\"https:\/\/itanumit.de\/kleine-saechsische-schweiz.de\/shop\/felsminiaturen\/das-richard-wagner-denkmal\/#breadcrumb\"},\"inLanguage\":\"de\",\"potentialAction\":[{\"@type\":\"ReadAction\",\"target\":[\"https:\/\/itanumit.de\/kleine-saechsische-schweiz.de\/shop\/felsminiaturen\/das-richard-wagner-denkmal\/\"]}]},{\"@type\":\"ImageObject\",\"inLanguage\":\"de\",\"@id\":\"https:\/\/itanumit.de\/kleine-saechsische-schweiz.de\/shop\/felsminiaturen\/das-richard-wagner-denkmal\/#primaryimage\",\"url\":\"https:\/\/itanumit.de\/kleine-saechsische-schweiz.de\/wp-content\/uploads\/2022\/02\/5770web.jpg\",\"contentUrl\":\"https:\/\/itanumit.de\/kleine-saechsische-schweiz.de\/wp-content\/uploads\/2022\/02\/5770web.jpg\",\"width\":2000,\"height\":1333},{\"@type\":\"BreadcrumbList\",\"@id\":\"https:\/\/itanumit.de\/kleine-saechsische-schweiz.de\/shop\/felsminiaturen\/das-richard-wagner-denkmal\/#breadcrumb\",\"itemListElement\":[{\"@type\":\"ListItem\",\"position\":1,\"name\":\"Startseite\",\"item\":\"https:\/\/itanumit.de\/kleine-saechsische-schweiz.de\/\"},{\"@type\":\"ListItem\",\"position\":2,\"name\":\"Shop\",\"item\":\"https:\/\/itanumit.de\/kleine-saechsische-schweiz.de\/shop\/\"},{\"@type\":\"ListItem\",\"position\":3,\"name\":\"Das Richard Wagner Denkmal\"}]},{\"@type\":\"WebSite\",\"@id\":\"https:\/\/itanumit.de\/kleine-saechsische-schweiz.de\/#website\",\"url\":\"https:\/\/itanumit.de\/kleine-saechsische-schweiz.de\/\",\"name\":\"Miniaturpark Kleine S\u00e4chsische Schweiz\",\"description\":\"\",\"publisher\":{\"@id\":\"https:\/\/itanumit.de\/kleine-saechsische-schweiz.de\/#organization\"},\"potentialAction\":[{\"@type\":\"SearchAction\",\"target\":{\"@type\":\"EntryPoint\",\"urlTemplate\":\"https:\/\/itanumit.de\/kleine-saechsische-schweiz.de\/?s={search_term_string}\"},\"query-input\":\"required name=search_term_string\"}],\"inLanguage\":\"de\"},{\"@type\":\"Organization\",\"@id\":\"https:\/\/itanumit.de\/kleine-saechsische-schweiz.de\/#organization\",\"name\":\"Miniaturpark Kleine S\u00e4chsische Schweiz\",\"url\":\"https:\/\/itanumit.de\/kleine-saechsische-schweiz.de\/\",\"logo\":{\"@type\":\"ImageObject\",\"inLanguage\":\"de\",\"@id\":\"https:\/\/itanumit.de\/kleine-saechsische-schweiz.de\/#\/schema\/logo\/image\/\",\"url\":\"https:\/\/itanumit.de\/kleine-saechsische-schweiz.de\/wp-content\/uploads\/2021\/07\/cropped-miniaturpark-kleine-saechsische-schweiz.png\",\"contentUrl\":\"https:\/\/itanumit.de\/kleine-saechsische-schweiz.de\/wp-content\/uploads\/2021\/07\/cropped-miniaturpark-kleine-saechsische-schweiz.png\",\"width\":508,\"height\":192,\"caption\":\"Miniaturpark Kleine S\u00e4chsische Schweiz\"},\"image\":{\"@id\":\"https:\/\/itanumit.de\/kleine-saechsische-schweiz.de\/#\/schema\/logo\/image\/\"}}]}<\/script>\n<!-- \/ Yoast SEO plugin. -->","yoast_head_json":{"title":"Das Richard Wagner Denkmal - Miniaturpark Kleine S\u00e4chsische Schweiz","robots":{"index":"index","follow":"follow","max-snippet":"max-snippet:-1","max-image-preview":"max-image-preview:large","max-video-preview":"max-video-preview:-1"},"canonical":"https:\/\/itanumit.de\/kleine-saechsische-schweiz.de\/shop\/felsminiaturen\/das-richard-wagner-denkmal\/","og_locale":"de_DE","og_type":"article","og_title":"Das Richard Wagner Denkmal - Miniaturpark Kleine S\u00e4chsische Schweiz","og_description":"Das Richard Wagner Denkmal Der Wagner-Verehrer Richard Guhr schuf dem Komponisten ein monumentales Denkmal, das seit 1933 im Liebethaler Grund zur Pilgerst\u00e4tte f\u00fcr Wanderer geworden ist. Imposant erhebt sich die vier Meter hohe Bronzegruppe auf einem gewaltigen Sockel &#8211; ein \u00fcberraschender Blickfang in dem stillen Tal. Es zeigt Wagner als Gralsritter, umringt von den Elementen [&hellip;]","og_url":"https:\/\/itanumit.de\/kleine-saechsische-schweiz.de\/shop\/felsminiaturen\/das-richard-wagner-denkmal\/","og_site_name":"Miniaturpark Kleine S\u00e4chsische Schweiz","article_modified_time":"2023-03-10T08:40:10+00:00","og_image":[{"width":2000,"height":1333,"url":"https:\/\/itanumit.de\/kleine-saechsische-schweiz.de\/wp-content\/uploads\/2022\/02\/5770web.jpg","type":"image\/jpeg"}],"twitter_card":"summary_large_image","twitter_misc":{"Gesch\u00e4tzte Lesezeit":"1\u00a0Minute"},"schema":{"@context":"https:\/\/schema.org","@graph":[{"@type":"WebPage","@id":"https:\/\/itanumit.de\/kleine-saechsische-schweiz.de\/shop\/felsminiaturen\/das-richard-wagner-denkmal\/","url":"https:\/\/itanumit.de\/kleine-saechsische-schweiz.de\/shop\/felsminiaturen\/das-richard-wagner-denkmal\/","name":"Das Richard Wagner Denkmal - Miniaturpark Kleine S\u00e4chsische Schweiz","isPartOf":{"@id":"https:\/\/itanumit.de\/kleine-saechsische-schweiz.de\/#website"},"primaryImageOfPage":{"@id":"https:\/\/itanumit.de\/kleine-saechsische-schweiz.de\/shop\/felsminiaturen\/das-richard-wagner-denkmal\/#primaryimage"},"image":{"@id":"https:\/\/itanumit.de\/kleine-saechsische-schweiz.de\/shop\/felsminiaturen\/das-richard-wagner-denkmal\/#primaryimage"},"thumbnailUrl":"https:\/\/itanumit.de\/kleine-saechsische-schweiz.de\/wp-content\/uploads\/2022\/02\/5770web.jpg","datePublished":"2022-02-10T12:05:55+00:00","dateModified":"2023-03-10T08:40:10+00:00","breadcrumb":{"@id":"https:\/\/itanumit.de\/kleine-saechsische-schweiz.de\/shop\/felsminiaturen\/das-richard-wagner-denkmal\/#breadcrumb"},"inLanguage":"de","potentialAction":[{"@type":"ReadAction","target":["https:\/\/itanumit.de\/kleine-saechsische-schweiz.de\/shop\/felsminiaturen\/das-richard-wagner-denkmal\/"]}]},{"@type":"ImageObject","inLanguage":"de","@id":"https:\/\/itanumit.de\/kleine-saechsische-schweiz.de\/shop\/felsminiaturen\/das-richard-wagner-denkmal\/#primaryimage","url":"https:\/\/itanumit.de\/kleine-saechsische-schweiz.de\/wp-content\/uploads\/2022\/02\/5770web.jpg","contentUrl":"https:\/\/itanumit.de\/kleine-saechsische-schweiz.de\/wp-content\/uploads\/2022\/02\/5770web.jpg","width":2000,"height":1333},{"@type":"BreadcrumbList","@id":"https:\/\/itanumit.de\/kleine-saechsische-schweiz.de\/shop\/felsminiaturen\/das-richard-wagner-denkmal\/#breadcrumb","itemListElement":[{"@type":"ListItem","position":1,"name":"Startseite","item":"https:\/\/itanumit.de\/kleine-saechsische-schweiz.de\/"},{"@type":"ListItem","position":2,"name":"Shop","item":"https:\/\/itanumit.de\/kleine-saechsische-schweiz.de\/shop\/"},{"@type":"ListItem","position":3,"name":"Das Richard Wagner Denkmal"}]},{"@type":"WebSite","@id":"https:\/\/itanumit.de\/kleine-saechsische-schweiz.de\/#website","url":"https:\/\/itanumit.de\/kleine-saechsische-schweiz.de\/","name":"Miniaturpark Kleine S\u00e4chsische Schweiz","description":"","publisher":{"@id":"https:\/\/itanumit.de\/kleine-saechsische-schweiz.de\/#organization"},"potentialAction":[{"@type":"SearchAction","target":{"@type":"EntryPoint","urlTemplate":"https:\/\/itanumit.de\/kleine-saechsische-schweiz.de\/?s={search_term_string}"},"query-input":"required name=search_term_string"}],"inLanguage":"de"},{"@type":"Organization","@id":"https:\/\/itanumit.de\/kleine-saechsische-schweiz.de\/#organization","name":"Miniaturpark Kleine S\u00e4chsische Schweiz","url":"https:\/\/itanumit.de\/kleine-saechsische-schweiz.de\/","logo":{"@type":"ImageObject","inLanguage":"de","@id":"https:\/\/itanumit.de\/kleine-saechsische-schweiz.de\/#\/schema\/logo\/image\/","url":"https:\/\/itanumit.de\/kleine-saechsische-schweiz.de\/wp-content\/uploads\/2021\/07\/cropped-miniaturpark-kleine-saechsische-schweiz.png","contentUrl":"https:\/\/itanumit.de\/kleine-saechsische-schweiz.de\/wp-content\/uploads\/2021\/07\/cropped-miniaturpark-kleine-saechsische-schweiz.png","width":508,"height":192,"caption":"Miniaturpark Kleine S\u00e4chsische Schweiz"},"image":{"@id":"https:\/\/itanumit.de\/kleine-saechsische-schweiz.de\/#\/schema\/logo\/image\/"}}]}},"_links":{"self":[{"href":"https:\/\/itanumit.de\/kleine-saechsische-schweiz.de\/wp-json\/wp\/v2\/product\/2240","targetHints":{"allow":["GET"]}}],"collection":[{"href":"https:\/\/itanumit.de\/kleine-saechsische-schweiz.de\/wp-json\/wp\/v2\/product"}],"about":[{"href":"https:\/\/itanumit.de\/kleine-saechsische-schweiz.de\/wp-json\/wp\/v2\/types\/product"}],"wp:featuredmedia":[{"embeddable":true,"href":"https:\/\/itanumit.de\/kleine-saechsische-schweiz.de\/wp-json\/wp\/v2\/media\/2241"}],"wp:attachment":[{"href":"https:\/\/itanumit.de\/kleine-saechsische-schweiz.de\/wp-json\/wp\/v2\/media?parent=2240"}],"wp:term":[{"taxonomy":"product_cat","embeddable":true,"href":"https:\/\/itanumit.de\/kleine-saechsische-schweiz.de\/wp-json\/wp\/v2\/product_cat?post=2240"},{"taxonomy":"product_tag","embeddable":true,"href":"https:\/\/itanumit.de\/kleine-saechsische-schweiz.de\/wp-json\/wp\/v2\/product_tag?post=2240"}],"curies":[{"name":"wp","href":"https:\/\/api.w.org\/{rel}","templated":true}]}}