{"id":4101,"date":"2024-03-05T09:37:20","date_gmt":"2024-03-05T08:37:20","guid":{"rendered":"https:\/\/itanumit.de\/kleine-saechsische-schweiz.de\/?post_type=product&#038;p=4101"},"modified":"2024-04-16T00:09:31","modified_gmt":"2024-04-15T22:09:31","slug":"familien-jahreskarte-2024","status":"publish","type":"product","link":"https:\/\/itanumit.de\/kleine-saechsische-schweiz.de\/shop\/tickets\/familien-jahreskarte-2024\/","title":{"rendered":"Familien Jahreskarte 2024"},"content":{"rendered":"<p>Familienjahreskarte g\u00fcltig f\u00fcr 365 Tage ab Kaufdatum. G\u00fcltig f\u00fcr 2 Erwachsene und eigene Kinder Anzahl ist egal.<\/p>\n<p>Neu ! G\u00fcltigkeit auch f\u00fcr alle unsere Veranstaltungen.<\/p>\n","protected":false},"excerpt":{"rendered":"<p>Liebe Miniaturparkfreunde,<\/p>\n<p>wir laden euch herzlich ein zu unserem 1. Offiziellen Farbenbaden-Abend.<\/p>\n<p>Genie\u00dft mit uns doch ein paar ganz besondere Stunden in einer nie dagewesenen Atmosph\u00e4re.<br \/>\nDazu nutzen wir ein paar dunkle Stunden, um diese in ein ganz besonderes Licht zu tauchen. Wir lassen unseren Park in wundervollen positiven Lichtern erscheinen und haben dazu noch einiges vorbereitet:<\/p>\n<p>&#8211; In einer Vielfalt von musikalischer Umrahmung stellen wir zu der Lichtstimmung ein Klangbild her. K\u00fcnstler Hartmut Dorschner begleitet den Abend dazu mit seinem Saxofon.<\/p>\n<p>&#8211; Feuerstellen und W\u00e4rmequellen sorgen f\u00fcr Gem\u00fctlichkeit in unserem einzigartigen Ambiente unter der Alten Steinbruchwand, bekr\u00f6nt mit riesigen B\u00e4umen.<\/p>\n<p>&#8211; Die Fahrt mit unserer Parkbahn wird bei Nacht zu einem v\u00f6llig neuen Erlebnis.<\/p>\n<p>&#8211; Unsere Bildhauer- und Modellarbeiten erstrahlen neben Licht und Schatten in einem faszinierenden Farbenspiel.<\/p>\n<p>&#8211; F\u00fcr das leibliche Wohl wird gesorgt. Metzgermeister Roberto aus der Alten S\u00e4ge verw\u00f6hnt euch mit Frischem vom Grill aus eigener Herstellung.<\/p>\n<p>&#8211; Dazu werden Cocktails von einem renommierten Barkeepermeister live gemixt.<\/p>\n<p>Auf Grund der Gesundheitsvorschriften und damit es ein gem\u00fctlicher Abend wird, haben wir die Anzahl der Karten auf die H\u00e4lfte unserer Kapazit\u00e4t reduziert.<br \/>\nDie Eintrittskarten k\u00f6nnt ihr nur vorab auf unserer Hompage \u2026 erwerben. Abendkasse ist nicht m\u00f6glich. Schnell sein lohnt sich also.<\/p>\n<p>Wir freuen uns darauf, mit euch zum \u201eFarbenbaden\u201c eine v\u00f6llig neue Dimension und einen wundersch\u00f6nen Abend in einzigartiger Atmosph\u00e4re im Miniaturpark \u201eKleine S\u00e4chsische Schweiz\u201c erleben zu k\u00f6nnen.<\/p>\n<p>21.5.2022 &#8211; 18.30 Uhr &#8211; 22.00 Uhr<\/p>\n<p>und am<\/p>\n<p>30.7.2022 &#8211; 18.30 Uhr &#8211; 22.00 Uhr<\/p>\n<p>Herzliche Gr\u00fc\u00dfe \u2013 Jan und das Team vom Miniaturpark \u201eKleine S\u00e4chsische Schweiz\u201c<\/p>\n","protected":false},"featured_media":4103,"template":"","meta":[],"product_cat":[77],"product_tag":[],"class_list":{"0":"post-4101","1":"product","2":"type-product","3":"status-publish","4":"has-post-thumbnail","6":"product_cat-tickets","7":"product_shipping_class-weiteres_produkt","9":"entry","10":"has-media","12":"first","13":"instock","14":"taxable","15":"shipping-taxable","16":"product-type-external","17":"col","18":"span_1_of_3","19":"owp-content-left","20":"owp-thumbs-layout-horizontal","21":"owp-btn-normal","22":"owp-tabs-layout-horizontal","23":"has-no-thumbnails"},"yoast_head":"<!-- This site is optimized with the Yoast SEO plugin v23.0 - https:\/\/yoast.com\/wordpress\/plugins\/seo\/ -->\n<title>Familien Jahreskarte 2024 - Miniaturpark Kleine S\u00e4chsische Schweiz<\/title>\n<meta name=\"robots\" content=\"index, follow, max-snippet:-1, max-image-preview:large, max-video-preview:-1\" \/>\n<link rel=\"canonical\" href=\"https:\/\/itanumit.de\/kleine-saechsische-schweiz.de\/shop\/tickets\/familien-jahreskarte-2024\/\" \/>\n<meta property=\"og:locale\" content=\"de_DE\" \/>\n<meta property=\"og:type\" content=\"article\" \/>\n<meta property=\"og:title\" content=\"Familien Jahreskarte 2024 - Miniaturpark Kleine S\u00e4chsische Schweiz\" \/>\n<meta property=\"og:description\" content=\"Liebe Miniaturparkfreunde,  wir laden euch herzlich ein zu unserem 1. Offiziellen Farbenbaden-Abend.  Genie\u00dft mit uns doch ein paar ganz besondere Stunden in einer nie dagewesenen Atmosph\u00e4re. Dazu nutzen wir ein paar dunkle Stunden, um diese in ein ganz besonderes Licht zu tauchen. Wir lassen unseren Park in wundervollen positiven Lichtern erscheinen und haben dazu noch einiges vorbereitet:  - In einer Vielfalt von musikalischer Umrahmung stellen wir zu der Lichtstimmung ein Klangbild her. K\u00fcnstler Hartmut Dorschner begleitet den Abend dazu mit seinem Saxofon.  - Feuerstellen und W\u00e4rmequellen sorgen f\u00fcr Gem\u00fctlichkeit in unserem einzigartigen Ambiente unter der Alten Steinbruchwand, bekr\u00f6nt mit riesigen B\u00e4umen.  - Die Fahrt mit unserer Parkbahn wird bei Nacht zu einem v\u00f6llig neuen Erlebnis.  - Unsere Bildhauer- und Modellarbeiten erstrahlen neben Licht und Schatten in einem faszinierenden Farbenspiel.  - F\u00fcr das leibliche Wohl wird gesorgt. Metzgermeister Roberto aus der Alten S\u00e4ge verw\u00f6hnt euch mit Frischem vom Grill aus eigener Herstellung.  - Dazu werden Cocktails von einem renommierten Barkeepermeister live gemixt.  Auf Grund der Gesundheitsvorschriften und damit es ein gem\u00fctlicher Abend wird, haben wir die Anzahl der Karten auf die H\u00e4lfte unserer Kapazit\u00e4t reduziert. Die Eintrittskarten k\u00f6nnt ihr nur vorab auf unserer Hompage \u2026 erwerben. Abendkasse ist nicht m\u00f6glich. Schnell sein lohnt sich also.  Wir freuen uns darauf, mit euch zum \u201eFarbenbaden\u201c eine v\u00f6llig neue Dimension und einen wundersch\u00f6nen Abend in einzigartiger Atmosph\u00e4re im Miniaturpark \u201eKleine S\u00e4chsische Schweiz\u201c erleben zu k\u00f6nnen.  21.5.2022 - 18.30 Uhr - 22.00 Uhr  und am  30.7.2022 - 18.30 Uhr - 22.00 Uhr  Herzliche Gr\u00fc\u00dfe \u2013 Jan und das Team vom Miniaturpark \u201eKleine S\u00e4chsische Schweiz\u201c\" \/>\n<meta property=\"og:url\" content=\"https:\/\/itanumit.de\/kleine-saechsische-schweiz.de\/shop\/tickets\/familien-jahreskarte-2024\/\" \/>\n<meta property=\"og:site_name\" content=\"Miniaturpark Kleine S\u00e4chsische Schweiz\" \/>\n<meta property=\"article:modified_time\" content=\"2024-04-15T22:09:31+00:00\" \/>\n<meta property=\"og:image\" content=\"https:\/\/itanumit.de\/kleine-saechsische-schweiz.de\/wp-content\/uploads\/2024\/03\/Logo_5cm_x5cm.jpg\" \/>\n\t<meta property=\"og:image:width\" content=\"1920\" \/>\n\t<meta property=\"og:image:height\" content=\"1910\" \/>\n\t<meta property=\"og:image:type\" content=\"image\/jpeg\" \/>\n<meta name=\"twitter:card\" content=\"summary_large_image\" \/>\n<meta name=\"twitter:label1\" content=\"Gesch\u00e4tzte Lesezeit\" \/>\n\t<meta name=\"twitter:data1\" content=\"1\u00a0Minute\" \/>\n<script type=\"application\/ld+json\" class=\"yoast-schema-graph\">{\"@context\":\"https:\/\/schema.org\",\"@graph\":[{\"@type\":\"WebPage\",\"@id\":\"https:\/\/itanumit.de\/kleine-saechsische-schweiz.de\/shop\/tickets\/familien-jahreskarte-2024\/\",\"url\":\"https:\/\/itanumit.de\/kleine-saechsische-schweiz.de\/shop\/tickets\/familien-jahreskarte-2024\/\",\"name\":\"Familien Jahreskarte 2024 - Miniaturpark Kleine S\u00e4chsische Schweiz\",\"isPartOf\":{\"@id\":\"https:\/\/itanumit.de\/kleine-saechsische-schweiz.de\/#website\"},\"primaryImageOfPage\":{\"@id\":\"https:\/\/itanumit.de\/kleine-saechsische-schweiz.de\/shop\/tickets\/familien-jahreskarte-2024\/#primaryimage\"},\"image\":{\"@id\":\"https:\/\/itanumit.de\/kleine-saechsische-schweiz.de\/shop\/tickets\/familien-jahreskarte-2024\/#primaryimage\"},\"thumbnailUrl\":\"https:\/\/itanumit.de\/kleine-saechsische-schweiz.de\/wp-content\/uploads\/2024\/03\/Logo_5cm_x5cm.jpg\",\"datePublished\":\"2024-03-05T08:37:20+00:00\",\"dateModified\":\"2024-04-15T22:09:31+00:00\",\"breadcrumb\":{\"@id\":\"https:\/\/itanumit.de\/kleine-saechsische-schweiz.de\/shop\/tickets\/familien-jahreskarte-2024\/#breadcrumb\"},\"inLanguage\":\"de\",\"potentialAction\":[{\"@type\":\"ReadAction\",\"target\":[\"https:\/\/itanumit.de\/kleine-saechsische-schweiz.de\/shop\/tickets\/familien-jahreskarte-2024\/\"]}]},{\"@type\":\"ImageObject\",\"inLanguage\":\"de\",\"@id\":\"https:\/\/itanumit.de\/kleine-saechsische-schweiz.de\/shop\/tickets\/familien-jahreskarte-2024\/#primaryimage\",\"url\":\"https:\/\/itanumit.de\/kleine-saechsische-schweiz.de\/wp-content\/uploads\/2024\/03\/Logo_5cm_x5cm.jpg\",\"contentUrl\":\"https:\/\/itanumit.de\/kleine-saechsische-schweiz.de\/wp-content\/uploads\/2024\/03\/Logo_5cm_x5cm.jpg\",\"width\":1920,\"height\":1910},{\"@type\":\"BreadcrumbList\",\"@id\":\"https:\/\/itanumit.de\/kleine-saechsische-schweiz.de\/shop\/tickets\/familien-jahreskarte-2024\/#breadcrumb\",\"itemListElement\":[{\"@type\":\"ListItem\",\"position\":1,\"name\":\"Startseite\",\"item\":\"https:\/\/itanumit.de\/kleine-saechsische-schweiz.de\/\"},{\"@type\":\"ListItem\",\"position\":2,\"name\":\"Shop\",\"item\":\"https:\/\/itanumit.de\/kleine-saechsische-schweiz.de\/shop\/\"},{\"@type\":\"ListItem\",\"position\":3,\"name\":\"Familien Jahreskarte 2024\"}]},{\"@type\":\"WebSite\",\"@id\":\"https:\/\/itanumit.de\/kleine-saechsische-schweiz.de\/#website\",\"url\":\"https:\/\/itanumit.de\/kleine-saechsische-schweiz.de\/\",\"name\":\"Miniaturpark Kleine S\u00e4chsische Schweiz\",\"description\":\"\",\"publisher\":{\"@id\":\"https:\/\/itanumit.de\/kleine-saechsische-schweiz.de\/#organization\"},\"potentialAction\":[{\"@type\":\"SearchAction\",\"target\":{\"@type\":\"EntryPoint\",\"urlTemplate\":\"https:\/\/itanumit.de\/kleine-saechsische-schweiz.de\/?s={search_term_string}\"},\"query-input\":\"required name=search_term_string\"}],\"inLanguage\":\"de\"},{\"@type\":\"Organization\",\"@id\":\"https:\/\/itanumit.de\/kleine-saechsische-schweiz.de\/#organization\",\"name\":\"Miniaturpark Kleine S\u00e4chsische Schweiz\",\"url\":\"https:\/\/itanumit.de\/kleine-saechsische-schweiz.de\/\",\"logo\":{\"@type\":\"ImageObject\",\"inLanguage\":\"de\",\"@id\":\"https:\/\/itanumit.de\/kleine-saechsische-schweiz.de\/#\/schema\/logo\/image\/\",\"url\":\"https:\/\/itanumit.de\/kleine-saechsische-schweiz.de\/wp-content\/uploads\/2021\/07\/cropped-miniaturpark-kleine-saechsische-schweiz.png\",\"contentUrl\":\"https:\/\/itanumit.de\/kleine-saechsische-schweiz.de\/wp-content\/uploads\/2021\/07\/cropped-miniaturpark-kleine-saechsische-schweiz.png\",\"width\":508,\"height\":192,\"caption\":\"Miniaturpark Kleine S\u00e4chsische Schweiz\"},\"image\":{\"@id\":\"https:\/\/itanumit.de\/kleine-saechsische-schweiz.de\/#\/schema\/logo\/image\/\"}}]}<\/script>\n<!-- \/ Yoast SEO plugin. -->","yoast_head_json":{"title":"Familien Jahreskarte 2024 - Miniaturpark Kleine S\u00e4chsische Schweiz","robots":{"index":"index","follow":"follow","max-snippet":"max-snippet:-1","max-image-preview":"max-image-preview:large","max-video-preview":"max-video-preview:-1"},"canonical":"https:\/\/itanumit.de\/kleine-saechsische-schweiz.de\/shop\/tickets\/familien-jahreskarte-2024\/","og_locale":"de_DE","og_type":"article","og_title":"Familien Jahreskarte 2024 - Miniaturpark Kleine S\u00e4chsische Schweiz","og_description":"Liebe Miniaturparkfreunde,  wir laden euch herzlich ein zu unserem 1. Offiziellen Farbenbaden-Abend.  Genie\u00dft mit uns doch ein paar ganz besondere Stunden in einer nie dagewesenen Atmosph\u00e4re. Dazu nutzen wir ein paar dunkle Stunden, um diese in ein ganz besonderes Licht zu tauchen. Wir lassen unseren Park in wundervollen positiven Lichtern erscheinen und haben dazu noch einiges vorbereitet:  - In einer Vielfalt von musikalischer Umrahmung stellen wir zu der Lichtstimmung ein Klangbild her. K\u00fcnstler Hartmut Dorschner begleitet den Abend dazu mit seinem Saxofon.  - Feuerstellen und W\u00e4rmequellen sorgen f\u00fcr Gem\u00fctlichkeit in unserem einzigartigen Ambiente unter der Alten Steinbruchwand, bekr\u00f6nt mit riesigen B\u00e4umen.  - Die Fahrt mit unserer Parkbahn wird bei Nacht zu einem v\u00f6llig neuen Erlebnis.  - Unsere Bildhauer- und Modellarbeiten erstrahlen neben Licht und Schatten in einem faszinierenden Farbenspiel.  - F\u00fcr das leibliche Wohl wird gesorgt. Metzgermeister Roberto aus der Alten S\u00e4ge verw\u00f6hnt euch mit Frischem vom Grill aus eigener Herstellung.  - Dazu werden Cocktails von einem renommierten Barkeepermeister live gemixt.  Auf Grund der Gesundheitsvorschriften und damit es ein gem\u00fctlicher Abend wird, haben wir die Anzahl der Karten auf die H\u00e4lfte unserer Kapazit\u00e4t reduziert. Die Eintrittskarten k\u00f6nnt ihr nur vorab auf unserer Hompage \u2026 erwerben. Abendkasse ist nicht m\u00f6glich. Schnell sein lohnt sich also.  Wir freuen uns darauf, mit euch zum \u201eFarbenbaden\u201c eine v\u00f6llig neue Dimension und einen wundersch\u00f6nen Abend in einzigartiger Atmosph\u00e4re im Miniaturpark \u201eKleine S\u00e4chsische Schweiz\u201c erleben zu k\u00f6nnen.  21.5.2022 - 18.30 Uhr - 22.00 Uhr  und am  30.7.2022 - 18.30 Uhr - 22.00 Uhr  Herzliche Gr\u00fc\u00dfe \u2013 Jan und das Team vom Miniaturpark \u201eKleine S\u00e4chsische Schweiz\u201c","og_url":"https:\/\/itanumit.de\/kleine-saechsische-schweiz.de\/shop\/tickets\/familien-jahreskarte-2024\/","og_site_name":"Miniaturpark Kleine S\u00e4chsische Schweiz","article_modified_time":"2024-04-15T22:09:31+00:00","og_image":[{"width":1920,"height":1910,"url":"https:\/\/itanumit.de\/kleine-saechsische-schweiz.de\/wp-content\/uploads\/2024\/03\/Logo_5cm_x5cm.jpg","type":"image\/jpeg"}],"twitter_card":"summary_large_image","twitter_misc":{"Gesch\u00e4tzte Lesezeit":"1\u00a0Minute"},"schema":{"@context":"https:\/\/schema.org","@graph":[{"@type":"WebPage","@id":"https:\/\/itanumit.de\/kleine-saechsische-schweiz.de\/shop\/tickets\/familien-jahreskarte-2024\/","url":"https:\/\/itanumit.de\/kleine-saechsische-schweiz.de\/shop\/tickets\/familien-jahreskarte-2024\/","name":"Familien Jahreskarte 2024 - Miniaturpark Kleine S\u00e4chsische Schweiz","isPartOf":{"@id":"https:\/\/itanumit.de\/kleine-saechsische-schweiz.de\/#website"},"primaryImageOfPage":{"@id":"https:\/\/itanumit.de\/kleine-saechsische-schweiz.de\/shop\/tickets\/familien-jahreskarte-2024\/#primaryimage"},"image":{"@id":"https:\/\/itanumit.de\/kleine-saechsische-schweiz.de\/shop\/tickets\/familien-jahreskarte-2024\/#primaryimage"},"thumbnailUrl":"https:\/\/itanumit.de\/kleine-saechsische-schweiz.de\/wp-content\/uploads\/2024\/03\/Logo_5cm_x5cm.jpg","datePublished":"2024-03-05T08:37:20+00:00","dateModified":"2024-04-15T22:09:31+00:00","breadcrumb":{"@id":"https:\/\/itanumit.de\/kleine-saechsische-schweiz.de\/shop\/tickets\/familien-jahreskarte-2024\/#breadcrumb"},"inLanguage":"de","potentialAction":[{"@type":"ReadAction","target":["https:\/\/itanumit.de\/kleine-saechsische-schweiz.de\/shop\/tickets\/familien-jahreskarte-2024\/"]}]},{"@type":"ImageObject","inLanguage":"de","@id":"https:\/\/itanumit.de\/kleine-saechsische-schweiz.de\/shop\/tickets\/familien-jahreskarte-2024\/#primaryimage","url":"https:\/\/itanumit.de\/kleine-saechsische-schweiz.de\/wp-content\/uploads\/2024\/03\/Logo_5cm_x5cm.jpg","contentUrl":"https:\/\/itanumit.de\/kleine-saechsische-schweiz.de\/wp-content\/uploads\/2024\/03\/Logo_5cm_x5cm.jpg","width":1920,"height":1910},{"@type":"BreadcrumbList","@id":"https:\/\/itanumit.de\/kleine-saechsische-schweiz.de\/shop\/tickets\/familien-jahreskarte-2024\/#breadcrumb","itemListElement":[{"@type":"ListItem","position":1,"name":"Startseite","item":"https:\/\/itanumit.de\/kleine-saechsische-schweiz.de\/"},{"@type":"ListItem","position":2,"name":"Shop","item":"https:\/\/itanumit.de\/kleine-saechsische-schweiz.de\/shop\/"},{"@type":"ListItem","position":3,"name":"Familien Jahreskarte 2024"}]},{"@type":"WebSite","@id":"https:\/\/itanumit.de\/kleine-saechsische-schweiz.de\/#website","url":"https:\/\/itanumit.de\/kleine-saechsische-schweiz.de\/","name":"Miniaturpark Kleine S\u00e4chsische Schweiz","description":"","publisher":{"@id":"https:\/\/itanumit.de\/kleine-saechsische-schweiz.de\/#organization"},"potentialAction":[{"@type":"SearchAction","target":{"@type":"EntryPoint","urlTemplate":"https:\/\/itanumit.de\/kleine-saechsische-schweiz.de\/?s={search_term_string}"},"query-input":"required name=search_term_string"}],"inLanguage":"de"},{"@type":"Organization","@id":"https:\/\/itanumit.de\/kleine-saechsische-schweiz.de\/#organization","name":"Miniaturpark Kleine S\u00e4chsische Schweiz","url":"https:\/\/itanumit.de\/kleine-saechsische-schweiz.de\/","logo":{"@type":"ImageObject","inLanguage":"de","@id":"https:\/\/itanumit.de\/kleine-saechsische-schweiz.de\/#\/schema\/logo\/image\/","url":"https:\/\/itanumit.de\/kleine-saechsische-schweiz.de\/wp-content\/uploads\/2021\/07\/cropped-miniaturpark-kleine-saechsische-schweiz.png","contentUrl":"https:\/\/itanumit.de\/kleine-saechsische-schweiz.de\/wp-content\/uploads\/2021\/07\/cropped-miniaturpark-kleine-saechsische-schweiz.png","width":508,"height":192,"caption":"Miniaturpark Kleine S\u00e4chsische Schweiz"},"image":{"@id":"https:\/\/itanumit.de\/kleine-saechsische-schweiz.de\/#\/schema\/logo\/image\/"}}]}},"_links":{"self":[{"href":"https:\/\/itanumit.de\/kleine-saechsische-schweiz.de\/wp-json\/wp\/v2\/product\/4101","targetHints":{"allow":["GET"]}}],"collection":[{"href":"https:\/\/itanumit.de\/kleine-saechsische-schweiz.de\/wp-json\/wp\/v2\/product"}],"about":[{"href":"https:\/\/itanumit.de\/kleine-saechsische-schweiz.de\/wp-json\/wp\/v2\/types\/product"}],"wp:featuredmedia":[{"embeddable":true,"href":"https:\/\/itanumit.de\/kleine-saechsische-schweiz.de\/wp-json\/wp\/v2\/media\/4103"}],"wp:attachment":[{"href":"https:\/\/itanumit.de\/kleine-saechsische-schweiz.de\/wp-json\/wp\/v2\/media?parent=4101"}],"wp:term":[{"taxonomy":"product_cat","embeddable":true,"href":"https:\/\/itanumit.de\/kleine-saechsische-schweiz.de\/wp-json\/wp\/v2\/product_cat?post=4101"},{"taxonomy":"product_tag","embeddable":true,"href":"https:\/\/itanumit.de\/kleine-saechsische-schweiz.de\/wp-json\/wp\/v2\/product_tag?post=4101"}],"curies":[{"name":"wp","href":"https:\/\/api.w.org\/{rel}","templated":true}]}}