{"id":705,"date":"2021-09-22T11:46:18","date_gmt":"2021-09-22T09:46:18","guid":{"rendered":"http:\/\/dev.kleine-saechsische-schweiz.de\/?post_type=product&#038;p=705"},"modified":"2024-06-20T14:24:03","modified_gmt":"2024-06-20T12:24:03","slug":"elbnebel","status":"publish","type":"product","link":"https:\/\/itanumit.de\/kleine-saechsische-schweiz.de\/shop\/leuchter\/elbnebel\/","title":{"rendered":"Elbnebel &#8211; Leuchter"},"content":{"rendered":"<p>Material: Sandstein und Elbkiesel, ca. 20 cm hoch geschwungen bearb. Sandstein &#8222;arm&#8220; symb. Elblauf an Elbkiesel angesetzt, am Sockel Vertiefung f\u00fcr R\u00e4ucherkerze eingearb., aufsteigender Rauch wird durch oben brennendes Teelicht verwirbelt \u2013 wie &#8222;Elbnebel&#8220;. Die Farbe variert von grau bis gelblicher Sandstein, Gr\u00f6\u00dfe und Farbe des Elbkiesels wird passend zum Sandstein-Leuchterarm gew\u00e4hlt.<\/p>\n","protected":false},"excerpt":{"rendered":"<p>Material: Sandstein und Elbkiesel, ca. 20 cm hoch geschwungen bearb. Sandstein &#8222;arm&#8220; symb. Elblauf an Elbkiesel angesetzt, am Sockel Vertiefung f\u00fcr R\u00e4ucherkerze eingearb., aufsteigender Rauch wird durch oben brennendes Teelicht verwirbelt \u2013 wie &#8222;Elbnebel&#8220;. Die Farbe variert von grau bis gelblicher Sandstein, Gr\u00f6\u00dfe und Farbe des Elbkiesels wird passend zum Sandstein-Leuchterarm gew\u00e4hlt.<\/p>\n","protected":false},"featured_media":1502,"template":"","meta":[],"product_cat":[69,71],"product_tag":[],"class_list":{"0":"post-705","1":"product","2":"type-product","3":"status-publish","4":"has-post-thumbnail","6":"product_cat-leuchter","7":"product_cat-raeucherartikel","9":"entry","10":"has-media","12":"first","13":"instock","14":"taxable","15":"shipping-taxable","16":"purchasable","17":"product-type-simple","18":"has-rating","19":"col","20":"span_1_of_3","21":"owp-content-left","22":"owp-thumbs-layout-horizontal","23":"owp-btn-normal","24":"owp-tabs-layout-horizontal","25":"has-no-thumbnails"},"yoast_head":"<!-- This site is optimized with the Yoast SEO plugin v23.0 - https:\/\/yoast.com\/wordpress\/plugins\/seo\/ -->\n<title>Elbnebel - Leuchter - Miniaturpark Kleine S\u00e4chsische Schweiz<\/title>\n<meta name=\"robots\" content=\"index, follow, max-snippet:-1, max-image-preview:large, max-video-preview:-1\" \/>\n<link rel=\"canonical\" href=\"https:\/\/itanumit.de\/kleine-saechsische-schweiz.de\/shop\/leuchter\/elbnebel\/\" \/>\n<meta property=\"og:locale\" content=\"de_DE\" \/>\n<meta property=\"og:type\" content=\"article\" \/>\n<meta property=\"og:title\" content=\"Elbnebel - Leuchter - Miniaturpark Kleine S\u00e4chsische Schweiz\" \/>\n<meta property=\"og:description\" content=\"Material: Sandstein und Elbkiesel, ca. 20 cm hoch geschwungen bearb. Sandstein &#8222;arm&#8220; symb. Elblauf an Elbkiesel angesetzt, am Sockel Vertiefung f\u00fcr R\u00e4ucherkerze eingearb., aufsteigender Rauch wird durch oben brennendes Teelicht verwirbelt \u2013 wie &#8222;Elbnebel&#8220;. Die Farbe variert von grau bis gelblicher Sandstein, Gr\u00f6\u00dfe und Farbe des Elbkiesels wird passend zum Sandstein-Leuchterarm gew\u00e4hlt.\" \/>\n<meta property=\"og:url\" content=\"https:\/\/itanumit.de\/kleine-saechsische-schweiz.de\/shop\/leuchter\/elbnebel\/\" \/>\n<meta property=\"og:site_name\" content=\"Miniaturpark Kleine S\u00e4chsische Schweiz\" \/>\n<meta property=\"article:modified_time\" content=\"2024-06-20T12:24:03+00:00\" \/>\n<meta property=\"og:image\" content=\"https:\/\/itanumit.de\/kleine-saechsische-schweiz.de\/wp-content\/uploads\/2021\/11\/3294web.jpg\" \/>\n\t<meta property=\"og:image:width\" content=\"1000\" \/>\n\t<meta property=\"og:image:height\" content=\"667\" \/>\n\t<meta property=\"og:image:type\" content=\"image\/jpeg\" \/>\n<meta name=\"twitter:card\" content=\"summary_large_image\" \/>\n<meta name=\"twitter:label1\" content=\"Gesch\u00e4tzte Lesezeit\" \/>\n\t<meta name=\"twitter:data1\" content=\"1\u00a0Minute\" \/>\n<script type=\"application\/ld+json\" class=\"yoast-schema-graph\">{\"@context\":\"https:\/\/schema.org\",\"@graph\":[{\"@type\":\"WebPage\",\"@id\":\"https:\/\/itanumit.de\/kleine-saechsische-schweiz.de\/shop\/leuchter\/elbnebel\/\",\"url\":\"https:\/\/itanumit.de\/kleine-saechsische-schweiz.de\/shop\/leuchter\/elbnebel\/\",\"name\":\"Elbnebel - Leuchter - Miniaturpark Kleine S\u00e4chsische Schweiz\",\"isPartOf\":{\"@id\":\"https:\/\/itanumit.de\/kleine-saechsische-schweiz.de\/#website\"},\"primaryImageOfPage\":{\"@id\":\"https:\/\/itanumit.de\/kleine-saechsische-schweiz.de\/shop\/leuchter\/elbnebel\/#primaryimage\"},\"image\":{\"@id\":\"https:\/\/itanumit.de\/kleine-saechsische-schweiz.de\/shop\/leuchter\/elbnebel\/#primaryimage\"},\"thumbnailUrl\":\"https:\/\/itanumit.de\/kleine-saechsische-schweiz.de\/wp-content\/uploads\/2021\/11\/3294web.jpg\",\"datePublished\":\"2021-09-22T09:46:18+00:00\",\"dateModified\":\"2024-06-20T12:24:03+00:00\",\"breadcrumb\":{\"@id\":\"https:\/\/itanumit.de\/kleine-saechsische-schweiz.de\/shop\/leuchter\/elbnebel\/#breadcrumb\"},\"inLanguage\":\"de\",\"potentialAction\":[{\"@type\":\"ReadAction\",\"target\":[\"https:\/\/itanumit.de\/kleine-saechsische-schweiz.de\/shop\/leuchter\/elbnebel\/\"]}]},{\"@type\":\"ImageObject\",\"inLanguage\":\"de\",\"@id\":\"https:\/\/itanumit.de\/kleine-saechsische-schweiz.de\/shop\/leuchter\/elbnebel\/#primaryimage\",\"url\":\"https:\/\/itanumit.de\/kleine-saechsische-schweiz.de\/wp-content\/uploads\/2021\/11\/3294web.jpg\",\"contentUrl\":\"https:\/\/itanumit.de\/kleine-saechsische-schweiz.de\/wp-content\/uploads\/2021\/11\/3294web.jpg\",\"width\":1000,\"height\":667},{\"@type\":\"BreadcrumbList\",\"@id\":\"https:\/\/itanumit.de\/kleine-saechsische-schweiz.de\/shop\/leuchter\/elbnebel\/#breadcrumb\",\"itemListElement\":[{\"@type\":\"ListItem\",\"position\":1,\"name\":\"Startseite\",\"item\":\"https:\/\/itanumit.de\/kleine-saechsische-schweiz.de\/\"},{\"@type\":\"ListItem\",\"position\":2,\"name\":\"Shop\",\"item\":\"https:\/\/itanumit.de\/kleine-saechsische-schweiz.de\/shop\/\"},{\"@type\":\"ListItem\",\"position\":3,\"name\":\"Elbnebel &#8211; Leuchter\"}]},{\"@type\":\"WebSite\",\"@id\":\"https:\/\/itanumit.de\/kleine-saechsische-schweiz.de\/#website\",\"url\":\"https:\/\/itanumit.de\/kleine-saechsische-schweiz.de\/\",\"name\":\"Miniaturpark Kleine S\u00e4chsische Schweiz\",\"description\":\"\",\"publisher\":{\"@id\":\"https:\/\/itanumit.de\/kleine-saechsische-schweiz.de\/#organization\"},\"potentialAction\":[{\"@type\":\"SearchAction\",\"target\":{\"@type\":\"EntryPoint\",\"urlTemplate\":\"https:\/\/itanumit.de\/kleine-saechsische-schweiz.de\/?s={search_term_string}\"},\"query-input\":\"required name=search_term_string\"}],\"inLanguage\":\"de\"},{\"@type\":\"Organization\",\"@id\":\"https:\/\/itanumit.de\/kleine-saechsische-schweiz.de\/#organization\",\"name\":\"Miniaturpark Kleine S\u00e4chsische Schweiz\",\"url\":\"https:\/\/itanumit.de\/kleine-saechsische-schweiz.de\/\",\"logo\":{\"@type\":\"ImageObject\",\"inLanguage\":\"de\",\"@id\":\"https:\/\/itanumit.de\/kleine-saechsische-schweiz.de\/#\/schema\/logo\/image\/\",\"url\":\"https:\/\/itanumit.de\/kleine-saechsische-schweiz.de\/wp-content\/uploads\/2021\/07\/cropped-miniaturpark-kleine-saechsische-schweiz.png\",\"contentUrl\":\"https:\/\/itanumit.de\/kleine-saechsische-schweiz.de\/wp-content\/uploads\/2021\/07\/cropped-miniaturpark-kleine-saechsische-schweiz.png\",\"width\":508,\"height\":192,\"caption\":\"Miniaturpark Kleine S\u00e4chsische Schweiz\"},\"image\":{\"@id\":\"https:\/\/itanumit.de\/kleine-saechsische-schweiz.de\/#\/schema\/logo\/image\/\"}}]}<\/script>\n<!-- \/ Yoast SEO plugin. -->","yoast_head_json":{"title":"Elbnebel - Leuchter - Miniaturpark Kleine S\u00e4chsische Schweiz","robots":{"index":"index","follow":"follow","max-snippet":"max-snippet:-1","max-image-preview":"max-image-preview:large","max-video-preview":"max-video-preview:-1"},"canonical":"https:\/\/itanumit.de\/kleine-saechsische-schweiz.de\/shop\/leuchter\/elbnebel\/","og_locale":"de_DE","og_type":"article","og_title":"Elbnebel - Leuchter - Miniaturpark Kleine S\u00e4chsische Schweiz","og_description":"Material: Sandstein und Elbkiesel, ca. 20 cm hoch geschwungen bearb. Sandstein &#8222;arm&#8220; symb. Elblauf an Elbkiesel angesetzt, am Sockel Vertiefung f\u00fcr R\u00e4ucherkerze eingearb., aufsteigender Rauch wird durch oben brennendes Teelicht verwirbelt \u2013 wie &#8222;Elbnebel&#8220;. Die Farbe variert von grau bis gelblicher Sandstein, Gr\u00f6\u00dfe und Farbe des Elbkiesels wird passend zum Sandstein-Leuchterarm gew\u00e4hlt.","og_url":"https:\/\/itanumit.de\/kleine-saechsische-schweiz.de\/shop\/leuchter\/elbnebel\/","og_site_name":"Miniaturpark Kleine S\u00e4chsische Schweiz","article_modified_time":"2024-06-20T12:24:03+00:00","og_image":[{"width":1000,"height":667,"url":"https:\/\/itanumit.de\/kleine-saechsische-schweiz.de\/wp-content\/uploads\/2021\/11\/3294web.jpg","type":"image\/jpeg"}],"twitter_card":"summary_large_image","twitter_misc":{"Gesch\u00e4tzte Lesezeit":"1\u00a0Minute"},"schema":{"@context":"https:\/\/schema.org","@graph":[{"@type":"WebPage","@id":"https:\/\/itanumit.de\/kleine-saechsische-schweiz.de\/shop\/leuchter\/elbnebel\/","url":"https:\/\/itanumit.de\/kleine-saechsische-schweiz.de\/shop\/leuchter\/elbnebel\/","name":"Elbnebel - Leuchter - Miniaturpark Kleine S\u00e4chsische Schweiz","isPartOf":{"@id":"https:\/\/itanumit.de\/kleine-saechsische-schweiz.de\/#website"},"primaryImageOfPage":{"@id":"https:\/\/itanumit.de\/kleine-saechsische-schweiz.de\/shop\/leuchter\/elbnebel\/#primaryimage"},"image":{"@id":"https:\/\/itanumit.de\/kleine-saechsische-schweiz.de\/shop\/leuchter\/elbnebel\/#primaryimage"},"thumbnailUrl":"https:\/\/itanumit.de\/kleine-saechsische-schweiz.de\/wp-content\/uploads\/2021\/11\/3294web.jpg","datePublished":"2021-09-22T09:46:18+00:00","dateModified":"2024-06-20T12:24:03+00:00","breadcrumb":{"@id":"https:\/\/itanumit.de\/kleine-saechsische-schweiz.de\/shop\/leuchter\/elbnebel\/#breadcrumb"},"inLanguage":"de","potentialAction":[{"@type":"ReadAction","target":["https:\/\/itanumit.de\/kleine-saechsische-schweiz.de\/shop\/leuchter\/elbnebel\/"]}]},{"@type":"ImageObject","inLanguage":"de","@id":"https:\/\/itanumit.de\/kleine-saechsische-schweiz.de\/shop\/leuchter\/elbnebel\/#primaryimage","url":"https:\/\/itanumit.de\/kleine-saechsische-schweiz.de\/wp-content\/uploads\/2021\/11\/3294web.jpg","contentUrl":"https:\/\/itanumit.de\/kleine-saechsische-schweiz.de\/wp-content\/uploads\/2021\/11\/3294web.jpg","width":1000,"height":667},{"@type":"BreadcrumbList","@id":"https:\/\/itanumit.de\/kleine-saechsische-schweiz.de\/shop\/leuchter\/elbnebel\/#breadcrumb","itemListElement":[{"@type":"ListItem","position":1,"name":"Startseite","item":"https:\/\/itanumit.de\/kleine-saechsische-schweiz.de\/"},{"@type":"ListItem","position":2,"name":"Shop","item":"https:\/\/itanumit.de\/kleine-saechsische-schweiz.de\/shop\/"},{"@type":"ListItem","position":3,"name":"Elbnebel &#8211; Leuchter"}]},{"@type":"WebSite","@id":"https:\/\/itanumit.de\/kleine-saechsische-schweiz.de\/#website","url":"https:\/\/itanumit.de\/kleine-saechsische-schweiz.de\/","name":"Miniaturpark Kleine S\u00e4chsische Schweiz","description":"","publisher":{"@id":"https:\/\/itanumit.de\/kleine-saechsische-schweiz.de\/#organization"},"potentialAction":[{"@type":"SearchAction","target":{"@type":"EntryPoint","urlTemplate":"https:\/\/itanumit.de\/kleine-saechsische-schweiz.de\/?s={search_term_string}"},"query-input":"required name=search_term_string"}],"inLanguage":"de"},{"@type":"Organization","@id":"https:\/\/itanumit.de\/kleine-saechsische-schweiz.de\/#organization","name":"Miniaturpark Kleine S\u00e4chsische Schweiz","url":"https:\/\/itanumit.de\/kleine-saechsische-schweiz.de\/","logo":{"@type":"ImageObject","inLanguage":"de","@id":"https:\/\/itanumit.de\/kleine-saechsische-schweiz.de\/#\/schema\/logo\/image\/","url":"https:\/\/itanumit.de\/kleine-saechsische-schweiz.de\/wp-content\/uploads\/2021\/07\/cropped-miniaturpark-kleine-saechsische-schweiz.png","contentUrl":"https:\/\/itanumit.de\/kleine-saechsische-schweiz.de\/wp-content\/uploads\/2021\/07\/cropped-miniaturpark-kleine-saechsische-schweiz.png","width":508,"height":192,"caption":"Miniaturpark Kleine S\u00e4chsische Schweiz"},"image":{"@id":"https:\/\/itanumit.de\/kleine-saechsische-schweiz.de\/#\/schema\/logo\/image\/"}}]}},"_links":{"self":[{"href":"https:\/\/itanumit.de\/kleine-saechsische-schweiz.de\/wp-json\/wp\/v2\/product\/705","targetHints":{"allow":["GET"]}}],"collection":[{"href":"https:\/\/itanumit.de\/kleine-saechsische-schweiz.de\/wp-json\/wp\/v2\/product"}],"about":[{"href":"https:\/\/itanumit.de\/kleine-saechsische-schweiz.de\/wp-json\/wp\/v2\/types\/product"}],"wp:featuredmedia":[{"embeddable":true,"href":"https:\/\/itanumit.de\/kleine-saechsische-schweiz.de\/wp-json\/wp\/v2\/media\/1502"}],"wp:attachment":[{"href":"https:\/\/itanumit.de\/kleine-saechsische-schweiz.de\/wp-json\/wp\/v2\/media?parent=705"}],"wp:term":[{"taxonomy":"product_cat","embeddable":true,"href":"https:\/\/itanumit.de\/kleine-saechsische-schweiz.de\/wp-json\/wp\/v2\/product_cat?post=705"},{"taxonomy":"product_tag","embeddable":true,"href":"https:\/\/itanumit.de\/kleine-saechsische-schweiz.de\/wp-json\/wp\/v2\/product_tag?post=705"}],"curies":[{"name":"wp","href":"https:\/\/api.w.org\/{rel}","templated":true}]}}